{"id":11683,"date":"2017-10-30T18:00:17","date_gmt":"2017-10-30T17:00:17","guid":{"rendered":"http:\/\/www.zamosc.pttk.pl\/wordpress\/?page_id=11683"},"modified":"2017-10-31T07:52:21","modified_gmt":"2017-10-31T06:52:21","slug":"odnowienia-szlakow-na-roztoczu-w-2017-r","status":"publish","type":"page","link":"https:\/\/zamosc.pttk.pl\/wordpress\/?page_id=11683","title":{"rendered":"Odnowienia szlak\u00f3w na Roztoczu w 2017 r."},"content":{"rendered":"<p style=\"text-align: center;\"><strong>\u00a0<\/strong><\/p>\n<p>Znakarze z Oddzia\u0142u PTTK w Zamo\u015bciu odnowili oznakowania szlak\u00f3w:<\/p>\n<p><strong><u>Z dotacji Ministerstwa Sportu &#8211; ZG PTTK &#8211; Bezpieczne Szlaki 2017<\/u><\/strong><\/p>\n<ol>\n<li><span style=\"color: #008000;\"><strong> Szlak im \u015bw. Brata Alberta &#8211; zielony<\/strong><\/span><\/li>\n<\/ol>\n<p>Horyniec-Zdr\u00f3j dw. kol. &#8211; Nowiny Horynieckie &#8211; \u015awi\u0105tynia S\u0142o\u0144ca &#8211; Dziewi\u0119cierz S\u0142otwina &#8211; Dziewi\u0119cierz Doliny &#8211; Moczary (korekta przebiegu) &#8211; Werchrata &#8211; Monastyr &#8211; Wielki Dzia\u0142 &#8211; \u017ar\u00f3d\u0142a Tanwi &#8211; Jack\u00f3w Ogr\u00f3d &#8211; Pizuny &#8211; Lipsko &#8211; Narol.<\/p>\n<ol start=\"2\">\n<li><span style=\"color: #ff9900;\"><strong> Szlak Po\u0142udniowy &#8211; \u017c\u00f3\u0142ty<\/strong><\/span><\/li>\n<\/ol>\n<p>Odc. Most na Tanwi pod M\u0142ynkami &#8211; M\u0142ynki &#8211; Narol &#8211; Lipsko &#8211; Lipie &#8211; Mauryc\u00f3wka &#8211; Brzeziny<\/p>\n<p><strong><u>Z dotacji Wojew\u00f3dztwa Lubelskiego<\/u><\/strong><\/p>\n<ol start=\"3\">\n<li><span style=\"color: #0000ff;\"><strong> Szlak Centralny niebieski<\/strong><\/span><\/li>\n<\/ol>\n<p>odc. Senderki &#8211; (korekta w okolicach Huciska) &#8211; Stanis\u0142aw\u00f3w &#8211; wzg. Kamie\u0144 (korekta obecnie szlak prowadzi przez wzg. Kamie\u0144) &#8211; Czarny Las &#8211; Kolonia Husiny &#8211; R\u00f3\u017ca (korekta) &#8211; \u0141uszczacz &#8211; wzg. Wapielnia &#8211; Ul\u00f3w &#8211; rez. Zaro\u015ble &#8211; Pasieki &#8211; Rabin\u00f3wka &#8211; Chy\u017ce &#8211; Be\u0142\u017cec Zag\u00f3ra &#8211; Be\u0142\u017cec dw. kol.<\/p>\n<ol start=\"4\">\n<li><strong> Szlak Walk Partyzanckich &#8211; czarny<\/strong><\/li>\n<\/ol>\n<p>na odc. Susiec &#8211; wzg. Ko\u015bci\u00f3\u0142ek &#8211; Borowe M\u0142yny &#8211; Fryszarka &#8211; Osuchy- Kozaki Osuchowskie &#8211; Podlas (korekta przebiegu na odcinku Podlas &#8211; skraj Aleksandrowa &#8211; Sig\u0142a &#8211; obecnie szlak od Podlasu do Sigie\u0142 prowadzi po zachodniej stronie Szumu) &#8211; D\u0105browa &#8211; G\u00f3recko Ko\u015bcielne &#8211; Aleksandr\u00f3w.<\/p>\n<ol start=\"5\">\n<li><span style=\"color: #0000ff;\"><strong> Szlak rowerowy \u201eNad So\u0142okij\u0105\u201d &#8211; niebieski<\/strong><\/span><\/li>\n<\/ol>\n<p>Lubycza Kr\u00f3lewska &#8211; Teniatyska &#8211; Ruda \u017burawiecka -\u017burawce &#8211; Leliszka &#8211; \u017by\u0142ka &#8211; okol. Szalenika &#8211; Be\u0142\u017cec &#8211; Muzeum &#8211; Pomnik pod Zatylem &#8211; Zatyle &#8211; Lubycza Kr\u00f3lewska &#8211; 28 km<\/p>\n<p>Pocz\u0105tek i koniec znajduj\u0105 si\u0119 szlaku w Lubyczy Kr\u00f3lewskiej przy skrzy\u017cowaniu ul. Jana III Sobieskiego i Kolejowej (obok Urz\u0119du Miasta).\u00a0 Odcinek szlaku Szalenik &#8211; Be\u0142\u017cec &#8211; Lubycza Kr\u00f3lewska &#8211; Teniatyska &#8211; Huta \u017burawicka by\u0142 ju\u017c oznakowany (dokonano odnowienia znak\u00f3w i uzupe\u0142nienia).<\/p>\n<p>Szlak prowadzi ul Kolejow\u0105 w kier. wsch. a nast\u0119pnie skr\u0119ca w prawo na ul. Le\u015bn\u0105 do przejazdu kolejowego. Za przejazdem prowadzi drog\u0105 gruntow\u0105 le\u015bn\u0105 wsp\u00f3lnie ze szlakiem pieszym (wolno\u015bciowym) do Teniatysk. Po drodze mija cmentarz unicki i obok cerkwisko.<\/p>\n<p>W Teniatyskach (obok krzy\u017ca kamiennego z XIX wieku wprowadza na drog\u0119 powiatow\u0105 a nast\u0119pnie za mostem na So\u0142okiji skr\u0119ca w lewo i prowadzi drog\u0105 asfaltow\u0105 przez Teniatyska. Po wschodniej stronie na polach widoczne s\u0105 na stoku wzg\u00f3rza bunkry Linii Mo\u0142otowa. Na ko\u0144cu wsi wprowadza na drog\u0119 gruntow\u0105, pocz\u0105tkowo w\u015br\u00f3d p\u00f3l a nast\u0119pnie drog\u0105 og\u00f3lnie dost\u0119pn\u0105 przez lasy Nadle\u015bnictwa Tomasz\u00f3w. Po lewej stronie p\u0142ynie rzeka So\u0142okija.<\/p>\n<p>W Hucie \u017burawieckiej (nowy odcinek szlaku) skr\u0119ca w lewo, mija \u015bwietlic\u0119 wiejsk\u0105 a nast\u0119pnie skr\u0119ca w kierunku p\u00f3\u0142nocnym i drog\u0105 powiatow\u0105 3530L doprowadza do \u017burawiec. Po lewej ko\u015bci\u00f3\u0142 parafialny z ciekawym wyposa\u017ceniem (d. cerkiew unicka). Za ko\u015bcio\u0142em skr\u0119ca w lewo na ul. Nowy \u015awiat. Po lewej znajduje si\u0119 cmentarz unicki z zabytkowymi nagrobkami (m.in. krzy\u017ce bru\u015bnie\u0144skie). Po drodze w kierunku Leliszki szlak mija jeszcze 2 cmentarze w tym 1 morowy z okresu I wojny \u015bwiatowej w postaci kopca.<\/p>\n<p>Przez las sosnowy Nadle\u015bnictwa Tomasz\u00f3w doprowadza do mostu i zalewu na rzece So\u0142okija.<\/p>\n<p>W chwili obecnej jest to tylko miejsce na mapie &#8211; nie ma budynk\u00f3w. W zaro\u015blach mo\u017cna znale\u017a\u0107 fundamenty rosyjskiej stra\u017cnicy granicznej &#8211; t\u0119dy przebiega\u0142a granica mi\u0119dzy Kongres\u00f3wk\u0105 i Galicj\u0105.<\/p>\n<p>Szlak nast\u0119pnie prowadzi drog\u0105 le\u015bn\u0105 gruntow\u0105 do m. \u017by\u0142ka 3541L i dalej\u00a0 do drogi powiatowej 3540L pod Szalenikiem. Odcinek od Rudy \u017burawieckiej do Szalenika jest nowym przebiegiem szlaku. Dawnej szlak prowadzi\u0142 od Huty \u017burawieckiej przez Rud\u0119 \u017burawieck\u0105 do Szalenika, jednak ze wzgl\u0119du na tereny podmok\u0142e, w tej chwili trasa jest trudno dost\u0119pna, st\u0105d zachodzi konieczno\u015b\u0107 zmiany trasy szlaku. Dzi\u0119ki temu tury\u015bci mog\u0105 zobaczy\u0107 ciekawe obiekty krajoznawcze w \u017burawcach i Leliszce oraz malownicze panoramy Roztocza.<\/p>\n<p>Ta droga doprowadza do Be\u0142\u017cca, dalej drog\u0105 gmin\u0105 do Muzeum &#8211; Miejsce Pami\u0119ci.<\/p>\n<p>Od Muzeum szlak prowadzi wsp\u00f3lnie z istniej\u0105cym szlakiem pieszym centralnym (Szastarka &#8211; Horyniec-Zdr\u00f3j) do Lubyczy Kr\u00f3lewskiej przez Zatyle, po drodze pomnik zamordowanych przez UPA pasa\u017cer\u00f3w poci\u0105gu w 1944 r..<\/p>\n<p>Znakowanie w lasach: malowanie znak\u00f3w R 1 na drzewach farb\u0105 akrylow\u0105. Na drogach powiatowych znaki na tabliczkach metalowych R1 i R3\u00a0 oraz naklejki z folii samoprzylepnej, mocowane pod znakami informacyjnymi z wy\u0142\u0105czeniem znak\u00f3w STOP.<\/p>\n<p>Prace znakarskie wykonane zosta\u0142y zgodnie z instrukcj\u0105 znakowania szlak\u00f3w rowerowych PTTK oraz obowi\u0105zuj\u0105cej instrukcji oznakowania dr\u00f3g.<\/p>\n<p>D\u0142ugo\u015b\u0107 szlaku 28 km, kolor niebieski, optymalny czas w\u0119dr\u00f3wki wraz ze zwiedzaniem obiekt\u00f3w krajoznawczych ok. 4 -5 godz.<\/p>\n<p><strong><u>Z dotacji Powiatu \u00a0Zamojskiego<\/u><\/strong><\/p>\n<ol start=\"6\">\n<li><span style=\"color: #ff9900;\"><strong> Szlak Roztocza\u0144ski &#8211; \u017c\u00f3\u0142ty<\/strong><\/span><\/li>\n<\/ol>\n<p>Zwierzyniec &#8211; wzg. Niwa &#8211; Zajazd Gaj\u00f3wka &#8211; Lipowiec &#8211; Czarnystok Ru\u015b &#8211; Trz\u0119siny &#8211; Kapliczka \u015bw. Antoniego (\u017ar\u00f3d\u0142a Gorajca).<\/p>\n<ol start=\"7\">\n<li><span style=\"color: #339966;\"><strong> \u015acie\u017cka spacerowa &#8211; zielona<\/strong><\/span><\/li>\n<\/ol>\n<p><strong>\u00a0<\/strong>Kaw\u0119czynek &#8211; Kol. Kaw\u0119czynek &#8211; Las Cetnar &#8211; Kaw\u0119czynek<\/p>\n","protected":false},"excerpt":{"rendered":"<p>\u00a0 Znakarze z Oddzia\u0142u PTTK w Zamo\u015bciu odnowili oznakowania szlak\u00f3w: Z dotacji Ministerstwa Sportu &#8211; ZG PTTK &#8211; Bezpieczne Szlaki 2017 Szlak im \u015bw. Brata Alberta &#8211; zielony Horyniec-Zdr\u00f3j dw. kol. &#8211; Nowiny Horynieckie &#8211; \u015awi\u0105tynia S\u0142o\u0144ca &#8211; Dziewi\u0119cierz S\u0142otwina &hellip; <a class=\"more-link\" href=\"https:\/\/zamosc.pttk.pl\/wordpress\/?page_id=11683\">Czytaj dalej <span class=\"meta-nav\">&rarr;<\/span><\/a><\/p>\n","protected":false},"author":1,"featured_media":0,"parent":0,"menu_order":0,"comment_status":"closed","ping_status":"closed","template":"","meta":{"footnotes":""},"class_list":["post-11683","page","type-page","status-publish","hentry"],"_links":{"self":[{"href":"https:\/\/zamosc.pttk.pl\/wordpress\/index.php?rest_route=\/wp\/v2\/pages\/11683","targetHints":{"allow":["GET"]}}],"collection":[{"href":"https:\/\/zamosc.pttk.pl\/wordpress\/index.php?rest_route=\/wp\/v2\/pages"}],"about":[{"href":"https:\/\/zamosc.pttk.pl\/wordpress\/index.php?rest_route=\/wp\/v2\/types\/page"}],"author":[{"embeddable":true,"href":"https:\/\/zamosc.pttk.pl\/wordpress\/index.php?rest_route=\/wp\/v2\/users\/1"}],"replies":[{"embeddable":true,"href":"https:\/\/zamosc.pttk.pl\/wordpress\/index.php?rest_route=%2Fwp%2Fv2%2Fcomments&post=11683"}],"version-history":[{"count":4,"href":"https:\/\/zamosc.pttk.pl\/wordpress\/index.php?rest_route=\/wp\/v2\/pages\/11683\/revisions"}],"predecessor-version":[{"id":11692,"href":"https:\/\/zamosc.pttk.pl\/wordpress\/index.php?rest_route=\/wp\/v2\/pages\/11683\/revisions\/11692"}],"wp:attachment":[{"href":"https:\/\/zamosc.pttk.pl\/wordpress\/index.php?rest_route=%2Fwp%2Fv2%2Fmedia&parent=11683"}],"curies":[{"name":"wp","href":"https:\/\/api.w.org\/{rel}","templated":true}]}}