{"id":11436,"date":"2017-09-27T18:38:11","date_gmt":"2017-09-27T16:38:11","guid":{"rendered":"http:\/\/www.zamosc.pttk.pl\/wordpress\/?page_id=11436"},"modified":"2017-09-27T18:47:08","modified_gmt":"2017-09-27T16:47:08","slug":"sesja-krajoznawcza-zrodla-i-rzeki-w-powiecie-zamojskim","status":"publish","type":"page","link":"https:\/\/zamosc.pttk.pl\/wordpress\/?page_id=11436","title":{"rendered":"Sesja krajoznawcza &#8222;\u0179r\u00f3d\u0142a i rzeki w powiecie zamojskim&#8221;"},"content":{"rendered":"<p>[huge_it_slider id=&#8221;105&#8243;]<\/p>\n<p>&nbsp;<\/p>\n<p>Sesja odby\u0142a si\u0119 jako wyjazd studyjny, w kt\u00f3rym uczestniczyli przewodnicy, przodownicy, s\u0142uchacze organizowanego kursu organizator\u00f3w turystyki PTTK. Ze wzgl\u0119du na ograniczenia tona\u017cu na drogach dojazdowych do \u017ar\u00f3de\u0142, \u017ar\u00f3d\u0142a Belfont pojechali\u015bmy busem 24 osoby, pozostali zainteresowani pojechali swoimi samochodami.<\/p>\n<p>Trasa przejazdu i zwiedzanie: Moczyjewka pod Majdanem Wielkim, cudowne \u017ar\u00f3d\u0142a w Krasnobrodzie daj\u0105ce pocz\u0105tek rzece Krupiec, uroczysko Belfont ze \u017ar\u00f3d\u0142ami, \u017ar\u00f3d\u0142a w Hutkach, \u017ar\u00f3d\u0142a rzeki Sopot w\u00a0 Kol. Husiny gm. Krasnobr\u00f3d, strumie\u0144 \u015awierz pod Senderkami. Zobaczyli\u015bmy stary m\u0142yn w Bondyrzu z ko\u0142em m\u0142y\u0144skim i pozosta\u0142o\u015bci dawnej \u0142a\u017ani ordynackiej. W Guciowie zwiedzili\u015bmy stacj\u0119 meteo UMCS. Pracownik stacji pan Krzysztof St\u0119pniewski zapozna\u0142 uczestnik\u00f3w sesji z dzia\u0142alno\u015bci\u0105 automatycznej stacji meteo. Opowiedzia\u0142 szczeg\u00f3\u0142owo o zasadach pracy urz\u0105dze\u0144 pomiarowych oraz pokaza\u0142 serwer zbieraj\u0105cy wszystkie pomiary co godzin\u0119 i przez internet przekazuj\u0105cy do serwera UMCS w Lublinie\u00a0 http:\/\/212.182.4.252\/podglad\/11.<\/p>\n<p>Nast\u0119pnie poszli\u015bmy nad rzek\u0119 Wieprz i pan Krzysztof pokaza\u0142 nam urz\u0105dzenie pomiarowe poziomu wody rzeki i przep\u0142ywu. Nikt z uczestnik\u00f3w nie widzia\u0142 takiego urz\u0105dzenia, wi\u0119c z ciekawo\u015bci\u0105 ogl\u0105dali\u015bmy i zadawali\u015bmy wiele pyta\u0144.<\/p>\n<p>Z Guciowa pojechali\u015bmy do Zwierzy\u0144ca spogl\u0105daj\u0105c na obfite \u017ar\u00f3d\u0142a podzboczowe w Obroczy, kt\u00f3re zasilaj\u0105 Wieprz.<\/p>\n<p>W Zwierzy\u0144cu spacerowali\u015bmy po odrestaurowanym Zwierzy\u0144czyku, przez kt\u00f3ry przep\u0142ywa \u015awierszcz. P\u00f3\u017aniej obejrzeli\u015bmy staw ko\u015bcielny i now\u0105 fontann\u0119. P\u00f3\u017aniej by\u0142a przerwa na posi\u0142ek. Pojechali\u015bmy przez Bagno jest tutaj port kajakowy sp\u0142ywu na Wieprzu.<\/p>\n<p>Na \u017cyczenie uczestnik\u00f3w pojechali\u015bmy do Szczebrzeszyna, Tutaj byli\u015bmy przy pomniku \u015bwierszcza. Z tego \u017ar\u00f3de\u0142ka nikt nie pobiera i nie pije wody, bo na g\u00f3rze jest cmentarz. Kolega Kazimierz Dziok powiedzia\u0142 s\u0142ynny wiersz J. Brzechwy o szczebrzeszy\u0144skim chrz\u0105szczu i otrzyma\u0142 brawa.<\/p>\n<p>Do Zamo\u015bcia powr\u00f3cili\u015bmy o godz. 18.30. Ilo\u015b\u0107 uczestnik\u00f3w 35 os\u00f3b.<\/p>\n<p>Obs\u0142uga przewodnicka sesji: Edward S\u0142oniewski, Kazimierz Dziok i Andrzej Dziaduszek przewodnicy zamojscy PTTK.<\/p>\n<p>Folder promocyjny oraz cz\u0119\u015bciowo koszty przejazdu zosta\u0142y sfinansowane z dotacji Powiatu Zamojskiego &#8211; umowa 41\/2017 z dn. 8 maja 2017 r.<\/p>\n","protected":false},"excerpt":{"rendered":"<p>[huge_it_slider id=&#8221;105&#8243;] &nbsp; Sesja odby\u0142a si\u0119 jako wyjazd studyjny, w kt\u00f3rym uczestniczyli przewodnicy, przodownicy, s\u0142uchacze organizowanego kursu organizator\u00f3w turystyki PTTK. Ze wzgl\u0119du na ograniczenia tona\u017cu na drogach dojazdowych do \u017ar\u00f3de\u0142, \u017ar\u00f3d\u0142a Belfont pojechali\u015bmy busem 24 osoby, pozostali zainteresowani pojechali swoimi &hellip; <a class=\"more-link\" href=\"https:\/\/zamosc.pttk.pl\/wordpress\/?page_id=11436\">Czytaj dalej <span class=\"meta-nav\">&rarr;<\/span><\/a><\/p>\n","protected":false},"author":1,"featured_media":0,"parent":0,"menu_order":0,"comment_status":"closed","ping_status":"closed","template":"","meta":{"footnotes":""},"class_list":["post-11436","page","type-page","status-publish","hentry"],"_links":{"self":[{"href":"https:\/\/zamosc.pttk.pl\/wordpress\/index.php?rest_route=\/wp\/v2\/pages\/11436","targetHints":{"allow":["GET"]}}],"collection":[{"href":"https:\/\/zamosc.pttk.pl\/wordpress\/index.php?rest_route=\/wp\/v2\/pages"}],"about":[{"href":"https:\/\/zamosc.pttk.pl\/wordpress\/index.php?rest_route=\/wp\/v2\/types\/page"}],"author":[{"embeddable":true,"href":"https:\/\/zamosc.pttk.pl\/wordpress\/index.php?rest_route=\/wp\/v2\/users\/1"}],"replies":[{"embeddable":true,"href":"https:\/\/zamosc.pttk.pl\/wordpress\/index.php?rest_route=%2Fwp%2Fv2%2Fcomments&post=11436"}],"version-history":[{"count":5,"href":"https:\/\/zamosc.pttk.pl\/wordpress\/index.php?rest_route=\/wp\/v2\/pages\/11436\/revisions"}],"predecessor-version":[{"id":11442,"href":"https:\/\/zamosc.pttk.pl\/wordpress\/index.php?rest_route=\/wp\/v2\/pages\/11436\/revisions\/11442"}],"wp:attachment":[{"href":"https:\/\/zamosc.pttk.pl\/wordpress\/index.php?rest_route=%2Fwp%2Fv2%2Fmedia&parent=11436"}],"curies":[{"name":"wp","href":"https:\/\/api.w.org\/{rel}","templated":true}]}}