{"id":11054,"date":"2017-08-20T18:46:38","date_gmt":"2017-08-20T16:46:38","guid":{"rendered":"http:\/\/www.zamosc.pttk.pl\/wordpress\/?page_id=11054"},"modified":"2017-09-24T18:03:41","modified_gmt":"2017-09-24T16:03:41","slug":"43-rajd-milosnikow-roztocza","status":"publish","type":"page","link":"https:\/\/zamosc.pttk.pl\/wordpress\/?page_id=11054","title":{"rendered":"43 Rajd &#8222;Mi\u0142o\u015bnik\u00f3w Roztocza&#8221;"},"content":{"rendered":"<p>Wspomnienia z Rajdu (zdj\u0119cia Edwarda)<\/p>\n<p>[huge_it_slider id=&#8221;106&#8243;]<\/p>\n<p>&nbsp;<\/p>\n<p>Wspomnienia z rajdu (zdj\u0119cia Adama)<\/p>\n<p>[huge_it_slider id=&#8221;107&#8243;]<\/p>\n<p>&nbsp;<\/p>\n<p style=\"text-align: center;\"><a href=\"http:\/\/www.zamosc.pttk.pl\/wordpress\/wp-content\/uploads\/2017\/09\/podz.nadl_.jpg\"><img loading=\"lazy\" decoding=\"async\" class=\"size-medium wp-image-11418\" src=\"http:\/\/www.zamosc.pttk.pl\/wordpress\/wp-content\/uploads\/2017\/09\/podz.nadl_-217x300.jpg\" alt=\"\" width=\"217\" height=\"300\" srcset=\"https:\/\/zamosc.pttk.pl\/wordpress\/wp-content\/uploads\/2017\/09\/podz.nadl_-217x300.jpg 217w, https:\/\/zamosc.pttk.pl\/wordpress\/wp-content\/uploads\/2017\/09\/podz.nadl_-145x200.jpg 145w, https:\/\/zamosc.pttk.pl\/wordpress\/wp-content\/uploads\/2017\/09\/podz.nadl_-768x1063.jpg 768w, https:\/\/zamosc.pttk.pl\/wordpress\/wp-content\/uploads\/2017\/09\/podz.nadl_-740x1024.jpg 740w, https:\/\/zamosc.pttk.pl\/wordpress\/wp-content\/uploads\/2017\/09\/podz.nadl_.jpg 1024w\" sizes=\"auto, (max-width: 217px) 100vw, 217px\" \/><\/a><a href=\"http:\/\/www.zamosc.pttk.pl\/wordpress\/wp-content\/uploads\/2017\/09\/podz.el_.jpg\"><img loading=\"lazy\" decoding=\"async\" class=\"alignleft size-medium wp-image-11416\" src=\"http:\/\/www.zamosc.pttk.pl\/wordpress\/wp-content\/uploads\/2017\/09\/podz.el_-217x300.jpg\" alt=\"\" width=\"217\" height=\"300\" srcset=\"https:\/\/zamosc.pttk.pl\/wordpress\/wp-content\/uploads\/2017\/09\/podz.el_-217x300.jpg 217w, https:\/\/zamosc.pttk.pl\/wordpress\/wp-content\/uploads\/2017\/09\/podz.el_-145x200.jpg 145w, https:\/\/zamosc.pttk.pl\/wordpress\/wp-content\/uploads\/2017\/09\/podz.el_-768x1063.jpg 768w, https:\/\/zamosc.pttk.pl\/wordpress\/wp-content\/uploads\/2017\/09\/podz.el_-740x1024.jpg 740w, https:\/\/zamosc.pttk.pl\/wordpress\/wp-content\/uploads\/2017\/09\/podz.el_.jpg 1024w\" sizes=\"auto, (max-width: 217px) 100vw, 217px\" \/><\/a><a href=\"http:\/\/www.zamosc.pttk.pl\/wordpress\/wp-content\/uploads\/2017\/09\/podz.km_.jpg\"><img loading=\"lazy\" decoding=\"async\" class=\"size-medium wp-image-11417\" src=\"http:\/\/www.zamosc.pttk.pl\/wordpress\/wp-content\/uploads\/2017\/09\/podz.km_-217x300.jpg\" alt=\"\" width=\"217\" height=\"300\" srcset=\"https:\/\/zamosc.pttk.pl\/wordpress\/wp-content\/uploads\/2017\/09\/podz.km_-217x300.jpg 217w, https:\/\/zamosc.pttk.pl\/wordpress\/wp-content\/uploads\/2017\/09\/podz.km_-145x200.jpg 145w, https:\/\/zamosc.pttk.pl\/wordpress\/wp-content\/uploads\/2017\/09\/podz.km_-768x1063.jpg 768w, https:\/\/zamosc.pttk.pl\/wordpress\/wp-content\/uploads\/2017\/09\/podz.km_-740x1024.jpg 740w, https:\/\/zamosc.pttk.pl\/wordpress\/wp-content\/uploads\/2017\/09\/podz.km_.jpg 1024w\" sizes=\"auto, (max-width: 217px) 100vw, 217px\" \/><\/a><\/p>\n<hr \/>\n<p>&nbsp;<\/p>\n<p>&nbsp;<\/p>\n<p>&nbsp;<\/p>\n<p><a href=\"http:\/\/www.zamosc.pttk.pl\/wordpress\/wp-content\/uploads\/2017\/08\/zNACZEK-RAJ-mr.jpg\"><img loading=\"lazy\" decoding=\"async\" class=\"size-medium wp-image-11057 alignleft\" src=\"http:\/\/www.zamosc.pttk.pl\/wordpress\/wp-content\/uploads\/2017\/08\/zNACZEK-RAJ-mr-296x300.jpg\" alt=\"\" width=\"296\" height=\"300\" srcset=\"https:\/\/zamosc.pttk.pl\/wordpress\/wp-content\/uploads\/2017\/08\/zNACZEK-RAJ-mr-296x300.jpg 296w, https:\/\/zamosc.pttk.pl\/wordpress\/wp-content\/uploads\/2017\/08\/zNACZEK-RAJ-mr-197x200.jpg 197w, https:\/\/zamosc.pttk.pl\/wordpress\/wp-content\/uploads\/2017\/08\/zNACZEK-RAJ-mr-768x779.jpg 768w, https:\/\/zamosc.pttk.pl\/wordpress\/wp-content\/uploads\/2017\/08\/zNACZEK-RAJ-mr.jpg 831w\" sizes=\"auto, (max-width: 296px) 100vw, 296px\" \/><\/a><\/p>\n<p><span style=\"font-size: 17px;\"><a href=\"http:\/\/www.zamosc.pttk.pl\/wordpress\/wp-content\/uploads\/2017\/08\/regulamin-mr.pdf\">Regulamin Rajdu do pobrania (pdf<\/a>)<\/span><\/p>\n<p>Legenda o \u017ar\u00f3de\u0142ku mi\u0142o\u015bci w Rebizantach<\/p>\n<p>&nbsp;<\/p>\n<p>Wydarzy\u0142o si\u0119 to ponad 200 lat temu. Na pocz\u0105tku sierpnia\u00a0 trwa\u0142y \u017cniwa na stoku pobliskiej Kamienicy.<\/p>\n<p>Rodzice Marysi\u00a0 oraz Wojtka ci\u0119\u017cko pracowali. Kiedy sko\u0144czy\u0142a si\u0119 zimna woda wys\u0142ali m\u0142odych do \u017ar\u00f3de\u0142ka nad Tanwi\u0105. Marysia mia\u0142a 15 wiosen a Wojtek by\u0142 rok starszy.<\/p>\n<p>Przyszli z garnkami do \u017ar\u00f3de\u0142ka i trzeba by\u0142o jeszcze\u00a0 zej\u015b\u0107 ze stromej skarpy. Marysia jako\u015b nieuwa\u017cnie schodzi\u0142a, \u00a0po\u015blizgn\u0119\u0142a si\u0119 i wpad\u0142a do \u017ar\u00f3de\u0142ka. Wojtek szybko j\u0105 wyci\u0105gn\u0105\u0142 i na r\u0119kach wyni\u00f3s\u0142 na brzeg. N\u00f3\u017cka bola\u0142a, wi\u0119c Wojtek \u00a0rozciera\u0142 i ok\u0142ada\u0142 zimn\u0105 woda ale niewiele to pomaga\u0142o i dziewczyna nada\u0142 p\u0142aka\u0142a.<\/p>\n<p>Wojtkowi \u017cal si\u0119\u00a0 zrobi\u0142o Marysi, poda\u0142 \u00a0jej \u017ar\u00f3dlanej wody i ukradkiem poca\u0142owa\u0142. Marysia nieco si\u0119 zawstydzi\u0142a i zarumieni\u0142a ale wyra\u017anie lepiej si\u0119 zrobi\u0142o, \u00a0bo n\u00f3\u017cka przesta\u0142a bole\u0107.\u00a0 Wojtek \u00a0przytuli\u0142 dziewcz\u0119 i jeszcze kilka razy poca\u0142owa\u0142. Wr\u00f3cili na pole do rodzic\u00f3w. Mama Marysi dopytywa\u0142a si\u0119 dlaczego ich tak d\u0142ugo nie by\u0142o? \u00a0Dziewczyna powiedzia\u0142a, \u017ce si\u0119 przewr\u00f3ci\u0142a i wyla\u0142a wod\u0119, wi\u0119c musia\u0142a wraca\u0107. Wojtek milcza\u0142 i by\u0142 jaki\u015b rozmarzony&#8230;.<\/p>\n<p>\u017bniwa si\u0119 sko\u0144czy\u0142y, m\u0142odzi postanowili si\u0119 spotyka\u0107 przy \u017ar\u00f3de\u0142ku w ka\u017cd\u0105 niedziel\u0119. Na ka\u017cdym spotkaniu wyda\u0142a si\u0119 Wojtkowi Marysia pi\u0119kniejsza\u00a0 (oczywi\u015bcie pili t\u0105 cudown\u0105 wod\u0119 ze \u017ar\u00f3de\u0142ka mi\u0142o\u015bci). Mia\u0142a jasne w\u0142osy, pi\u0119kny warkocz, \u00a0niebieskie oczka, do\u0142eczki na buzi i uroczy u\u015bmiech.<\/p>\n<p>Niestety przyszed\u0142 rok 1815 i na Tanwi wyznaczono granic\u0119.\u00a0 Marysia mieszka\u0142a z rodzicami w Hucie R\u00f3\u017canieckiej a Wojtek w Rybnicy. Nie wolno by\u0142o ju\u017c przekracza\u0107 granicy ani si\u0119 do niej zbli\u017ca\u0107. Pewnego razu znajomy le\u015bniczy ordynacki, kt\u00f3remu by\u0142o wolno przebywa\u0107 nad\u00a0 granic\u0105, opowiedzia\u0142 Wojtkowi, \u017ce cz\u0119sto przy \u017ar\u00f3de\u0142ku nad Tanwi\u0105, po galicyjskiej stronie, siedzi pi\u0119kna dziewczyna i patrzy na p\u00f3\u0142noc. Wojtkowi serce mocniej zabi\u0142o i postanowi\u0142 jako\u015b zobaczy\u0107 Marysi\u0119 i da\u0107 jej znak, \u017ce j\u0105 jeszcze kocha.<\/p>\n<p>W niedziel\u0119 skrada\u0142 si\u0119 po g\u0119stym lesie do Tanwi i rzeczywi\u015bcie ujrza\u0142 swoj\u0105 Marysi\u0119 siedz\u0105c\u0105 przy \u017ar\u00f3de\u0142ku i patrz\u0105c\u0105 na drugi brzeg rzeki. Ju\u017c mia\u0142 wyj\u015b\u0107 na brzeg kiedy us\u0142ysza\u0142 parskanie koni i zaraz pojawi\u0142 si\u0119 rosyjski patrol &#8211; dw\u00f3ch \u017co\u0142nierzy na koniach z d\u0142ugimi karabinami. Kiedy \u017co\u0142nierze znikn\u0119li za zakr\u0119tem. nabra\u0142 odwagi i pokaza\u0142 si\u0119 Marysi.\u00a0 Pomachali sobie i um\u00f3wili si\u0119 na nast\u0119pn\u0105 niedziel\u0119. Woda by\u0142a ju\u017c zimna w rzece, \u017cadnej k\u0142adki w pobli\u017cu nie by\u0142o, wi\u0119c tylko mogli przez rzek\u0119 kilka s\u0142\u00f3w zamieni\u0107, chocia\u017c szum wodospad\u00f3w zag\u0142usza\u0142.<\/p>\n<p>Wojtek r\u00f3\u017cne mia\u0142 pomys\u0142y co zrobi\u0107, aby by\u0107 na zawsze przy boku ukochanej. Dor\u00f3s\u0142 i by\u0142 ju\u017c w wieku poborowym. Czeka\u0142a go niechybnie s\u0142u\u017cba w wojsku carskim gdzie\u015b daleko od rodzinnych stron.\u00a0 Mi\u0142o\u015b\u0107 ju\u017c by si\u0119 nie spe\u0142ni\u0142a i zgas\u0142a.\u00a0 Jednak znale\u017ali si\u0119 dobrzy i m\u0105drzy ludzie. Poradzili mu, \u017ceby stara\u0142 si\u0119 zosta\u0107 stra\u017cnikiem granicznym. By\u0142a to trudna sprawa. Po odpowiedniej zap\u0142acie otrzyma\u0142 \u00a0prac\u0119 w stra\u017cnicy w Paarach. Komendant by\u0142 Polakiem, nawet fajnym ch\u0142opem i szybko polubi\u0142 Wojtka. Po pewnym czasie \u00a0co\u015b zacz\u0105\u0142 podejrzewa\u0107, bo Wojtek chcia\u0142 ci\u0105gle s\u0142u\u017cb\u0119 w niedziel\u0119, po po\u0142udniu. My\u015bla\u0142, \u017ce ma uk\u0142ady z przemytnikami ale nie otrzyma\u0142 \u017cadnego donosu i da\u0142 sobie spok\u00f3j. Wojtek by\u0142 szcz\u0119\u015bliwy, bo m\u00f3g\u0142 ujrze\u0107 Marysi\u0119 i chwil\u0119 chocia\u017c na odleg\u0142o\u015b\u0107 porozmawia\u0107 przy \u017ar\u00f3de\u0142ku.<\/p>\n<p>Wreszcie by\u0142y ju\u017c \u00a0ciep\u0142e dni, woda w Tanwi te\u017c by\u0142a cieplutka i przyszed\u0142 czas na\u00a0 zrealizowanie swojego zamiaru ucieczki do Marysi. Znowu mia\u0142 s\u0142u\u017cb\u0119 w niedziel\u0119 po po\u0142udniu. Tym razem w patrolu bra\u0142 udzia\u0142 o wiele starszy stra\u017cnik Miko\u0142aj z Mazi\u0142, kt\u00f3rego Wojtek wtajemniczy\u0142 w sw\u00f3j zamiar i razem obmy\u015blili spos\u00f3b, aby nie narazi\u0107 rodzic\u00f3w i stra\u017cnika na represj\u0119.<\/p>\n<p>Kiedy przyjechali nad Tanew narobili mn\u00f3stwo \u015blad\u00f3w, rozrzucili sier\u015b\u0107 z dzika, pazury koguta\u00a0 i \u015blady ma\u0142ych kopyt.<\/p>\n<p>Wojtek zostawi\u0142 konia i karabin umazany w b\u0142ocie, po\u017cegna\u0142 si\u0119 z Miko\u0142ajem, zdj\u0105\u0142 buty i przeszed\u0142 na drugi brzeg, gdzie na niego oczekiwa\u0142a Marysia i razem szybko pobiegli do domu Marysi.\u00a0 Rodzice Marysi serdecznie przyj\u0119li pod sw\u00f3j dach przysz\u0142ego zi\u0119cia.<\/p>\n<p>A wiecie co by\u0142o w tym czasie po tamtej stronie Tanwi? \u00a0Miko\u0142aj siad\u0142 na konia i szybko pojecha\u0142 na stra\u017cnic\u0119, bardzo przestraszony, pad\u0142 prawie nie\u017cywy. Wszyscy stra\u017cnicy i komendant zacz\u0119li \u00a0go pyta\u0107 co si\u0119 sta\u0142o?&#8230; a Miko\u0142aj dr\u017c\u0105cym g\u0142osem opowiedzia\u0142, \u017ce nad Tanwi\u0105 napad\u0142 na nich ogromny diabe\u0142 i porwa\u0142 Wojtka. On sam ledwie z \u017cyciem uszed\u0142, bo diabe\u0142 nie m\u00f3g\u0142 ich dw\u00f3ch unie\u015b\u0107. Komendant pocz\u0105tkowo nie wierzy\u0142 w miko\u0142ajow\u0105 opowie\u015b\u0107. Zebra\u0142 kilku stra\u017cnik\u00f3w i pojechali na miejsce. Wszystko si\u0119 zgadza\u0142o: by\u0142y \u015blady diabelskich kopyt, sier\u015b\u0107 i \u015blady walki.\u00a0 Dla pewno\u015bci komendant wys\u0142a\u0142 po popa. Ten odp\u0119dzi\u0142 z\u0142e si\u0142y \u015bwi\u0119con\u0105 wod\u0105 i stwierdzi\u0142 z ca\u0142\u0105 pewno\u015bci\u0105, \u017ce s\u0105 to:\u00a0 sier\u015b\u0107 i pazury diab\u0142a. Wi\u0119cej dochodzenia nie prowadzono ani nie szukano Wojtka. O tej tajemnicy rodzice Wojtka nikomu nie powiedzieli a i Miko\u0142aj milcza\u0142 prawie do ko\u0144ca \u017cycia.<\/p>\n<p>A w Galicji&#8230; za 3 niedziele odby\u0142 si\u0119 \u015blub Marysi i Wojtka w Narolu. \u017byli d\u0142ugo i szcz\u0119\u015bliwie, dochowali si\u0119 si\u0119 licznego potomstwa oraz wnucz\u0105t. Zawsze przy wigilijnym stole babcia Marysia i dziadek Wojtek opowiadali t\u0105 romantyczn\u0105 histori\u0119.<\/p>\n<p>Woda w \u017ar\u00f3de\u0142ku ma naprawd\u0119 niezwyk\u0142\u0105 moc, chocia\u017c jak to bywa w \u017cyciu, nie wszystkie mi\u0142o\u015bci by\u0142y szcz\u0119\u015bliwe. Bywa\u0142o tak w historii, \u017ce wod\u0119 ze \u017ar\u00f3de\u0142ka\u00a0 mi\u0142o\u015bci pi\u0142 zatwardzia\u0142y, stary kawaler i zakocha\u0142 si\u0119 w nastolatce. Drogo go ta mi\u0142o\u015b\u0107 kosztowa\u0142a&#8230;<\/p>\n<p>T\u0119 cudown\u0105 wod\u0119 ze \u017ar\u00f3de\u0142ka mi\u0142o\u015bci w Rebizantach nale\u017cy pi\u0107 najlepiej w s\u0142oneczny poranek lub w ksi\u0119\u017cycow\u0105, wiosenn\u0105 noc we dwoje i niezb\u0119dny jest d\u0142uuugi, s\u0142odki poca\u0142unek. Mi\u0142o\u015b\u0107 b\u0119dzie wtedy szcz\u0119\u015bliwa i trwa\u0142a na zawsze&#8230;<\/p>\n<p>&nbsp;<\/p>\n<p><span style=\"font-size: 16px;\">Na znaczku rajdowym jest Marysia nad granic\u0105\u00a0przy \u017ar\u00f3de\u0142ku mi\u0142o\u015bci.<br \/>\nTak wyobra\u017ca\u0142 sobie Marysi\u0119 Artur Grottger i uwieczni\u0142 na obrazie \u201ePrzej\u015bcie przez granic\u0119\u201d.<\/span><\/p>\n","protected":false},"excerpt":{"rendered":"<p>Wspomnienia z Rajdu (zdj\u0119cia Edwarda) [huge_it_slider id=&#8221;106&#8243;] &nbsp; Wspomnienia z rajdu (zdj\u0119cia Adama) [huge_it_slider id=&#8221;107&#8243;] &nbsp; &nbsp; &nbsp; &nbsp; Regulamin Rajdu do pobrania (pdf) Legenda o \u017ar\u00f3de\u0142ku mi\u0142o\u015bci w Rebizantach &nbsp; Wydarzy\u0142o si\u0119 to ponad 200 lat temu. Na pocz\u0105tku &hellip; <a class=\"more-link\" href=\"https:\/\/zamosc.pttk.pl\/wordpress\/?page_id=11054\">Czytaj dalej <span class=\"meta-nav\">&rarr;<\/span><\/a><\/p>\n","protected":false},"author":1,"featured_media":0,"parent":0,"menu_order":0,"comment_status":"closed","ping_status":"closed","template":"","meta":{"footnotes":""},"class_list":["post-11054","page","type-page","status-publish","hentry"],"_links":{"self":[{"href":"https:\/\/zamosc.pttk.pl\/wordpress\/index.php?rest_route=\/wp\/v2\/pages\/11054","targetHints":{"allow":["GET"]}}],"collection":[{"href":"https:\/\/zamosc.pttk.pl\/wordpress\/index.php?rest_route=\/wp\/v2\/pages"}],"about":[{"href":"https:\/\/zamosc.pttk.pl\/wordpress\/index.php?rest_route=\/wp\/v2\/types\/page"}],"author":[{"embeddable":true,"href":"https:\/\/zamosc.pttk.pl\/wordpress\/index.php?rest_route=\/wp\/v2\/users\/1"}],"replies":[{"embeddable":true,"href":"https:\/\/zamosc.pttk.pl\/wordpress\/index.php?rest_route=%2Fwp%2Fv2%2Fcomments&post=11054"}],"version-history":[{"count":23,"href":"https:\/\/zamosc.pttk.pl\/wordpress\/index.php?rest_route=\/wp\/v2\/pages\/11054\/revisions"}],"predecessor-version":[{"id":11428,"href":"https:\/\/zamosc.pttk.pl\/wordpress\/index.php?rest_route=\/wp\/v2\/pages\/11054\/revisions\/11428"}],"wp:attachment":[{"href":"https:\/\/zamosc.pttk.pl\/wordpress\/index.php?rest_route=%2Fwp%2Fv2%2Fmedia&parent=11054"}],"curies":[{"name":"wp","href":"https:\/\/api.w.org\/{rel}","templated":true}]}}