{"id":10804,"date":"2017-05-22T17:49:15","date_gmt":"2017-05-22T15:49:15","guid":{"rendered":"http:\/\/www.zamosc.pttk.pl\/wordpress\/?page_id=10804"},"modified":"2017-05-22T18:20:46","modified_gmt":"2017-05-22T16:20:46","slug":"3-rajd-tajemnice-twierdzy-zamosc","status":"publish","type":"page","link":"https:\/\/zamosc.pttk.pl\/wordpress\/?page_id=10804","title":{"rendered":"3 Rajd &#8222;Tajemnice twierdzy Zamo\u015b\u0107&#8221;"},"content":{"rendered":"<p>W dniu 20 maja 2017 odby\u0142 si\u0119 bardzo ciekawy rajd w okolicach Zamo\u015bcia. Prowadzili zamojscy przewodnicy PTTK:<br \/>\nAndrzej Bober i Tadeusz Bieganowski. Serdecznie dzi\u0119kujemy zamojskiemu kozakowi za wystrza\u0142 z niby kozackiej armaty.<br \/>\nByli\u015bmy na kopcu ku czci Bohdana Chmielnickiego, w miejscu pami\u0119ci w Lasku Sitanieckim. W\u0119drowali\u015bmy tras\u0105, kt\u00f3r\u0105 pokonywa\u0142 Bohdan Chmielnicki w 1648 r. szukaj\u0105c miejsca sk\u0105d by si\u0119 uda\u0142o zdoby\u0107 twierdz\u0119 zamojsk\u0105.<\/p>\n<p><a href=\"http:\/\/www.zamosc.pttk.pl\/wordpress\/wp-content\/uploads\/2017\/05\/chmiel1.jpg\"><img loading=\"lazy\" decoding=\"async\" class=\"size-medium wp-image-10808 aligncenter\" src=\"http:\/\/www.zamosc.pttk.pl\/wordpress\/wp-content\/uploads\/2017\/05\/chmiel1-300x205.jpg\" alt=\"\" width=\"300\" height=\"205\" srcset=\"https:\/\/zamosc.pttk.pl\/wordpress\/wp-content\/uploads\/2017\/05\/chmiel1-300x205.jpg 300w, https:\/\/zamosc.pttk.pl\/wordpress\/wp-content\/uploads\/2017\/05\/chmiel1-200x137.jpg 200w, https:\/\/zamosc.pttk.pl\/wordpress\/wp-content\/uploads\/2017\/05\/chmiel1-438x300.jpg 438w, https:\/\/zamosc.pttk.pl\/wordpress\/wp-content\/uploads\/2017\/05\/chmiel1.jpg 640w\" sizes=\"auto, (max-width: 300px) 100vw, 300px\" \/><\/a><\/p>\n<p>&nbsp;<\/p>\n<p>[huge_it_slider id=&#8221;101&#8243;]<\/p>\n<p>&nbsp;<\/p>\n<p>&nbsp;<\/p>\n<p>&nbsp;<\/p>\n<p>Zdj\u0119cia: Tadeusz Bieganowski<\/p>\n","protected":false},"excerpt":{"rendered":"<p>W dniu 20 maja 2017 odby\u0142 si\u0119 bardzo ciekawy rajd w okolicach Zamo\u015bcia. Prowadzili zamojscy przewodnicy PTTK: Andrzej Bober i Tadeusz Bieganowski. Serdecznie dzi\u0119kujemy zamojskiemu kozakowi za wystrza\u0142 z niby kozackiej armaty. Byli\u015bmy na kopcu ku czci Bohdana Chmielnickiego, w &hellip; <a class=\"more-link\" href=\"https:\/\/zamosc.pttk.pl\/wordpress\/?page_id=10804\">Czytaj dalej <span class=\"meta-nav\">&rarr;<\/span><\/a><\/p>\n","protected":false},"author":1,"featured_media":0,"parent":0,"menu_order":0,"comment_status":"closed","ping_status":"closed","template":"","meta":{"footnotes":""},"class_list":["post-10804","page","type-page","status-publish","hentry"],"_links":{"self":[{"href":"https:\/\/zamosc.pttk.pl\/wordpress\/index.php?rest_route=\/wp\/v2\/pages\/10804","targetHints":{"allow":["GET"]}}],"collection":[{"href":"https:\/\/zamosc.pttk.pl\/wordpress\/index.php?rest_route=\/wp\/v2\/pages"}],"about":[{"href":"https:\/\/zamosc.pttk.pl\/wordpress\/index.php?rest_route=\/wp\/v2\/types\/page"}],"author":[{"embeddable":true,"href":"https:\/\/zamosc.pttk.pl\/wordpress\/index.php?rest_route=\/wp\/v2\/users\/1"}],"replies":[{"embeddable":true,"href":"https:\/\/zamosc.pttk.pl\/wordpress\/index.php?rest_route=%2Fwp%2Fv2%2Fcomments&post=10804"}],"version-history":[{"count":8,"href":"https:\/\/zamosc.pttk.pl\/wordpress\/index.php?rest_route=\/wp\/v2\/pages\/10804\/revisions"}],"predecessor-version":[{"id":10815,"href":"https:\/\/zamosc.pttk.pl\/wordpress\/index.php?rest_route=\/wp\/v2\/pages\/10804\/revisions\/10815"}],"wp:attachment":[{"href":"https:\/\/zamosc.pttk.pl\/wordpress\/index.php?rest_route=%2Fwp%2Fv2%2Fmedia&parent=10804"}],"curies":[{"name":"wp","href":"https:\/\/api.w.org\/{rel}","templated":true}]}}