{"id":10533,"date":"2017-04-10T17:45:26","date_gmt":"2017-04-10T15:45:26","guid":{"rendered":"http:\/\/www.zamosc.pttk.pl\/wordpress\/?page_id=10533"},"modified":"2017-09-10T19:14:03","modified_gmt":"2017-09-10T17:14:03","slug":"kurs-na-uprawnienia-organizatora-turystyki","status":"publish","type":"page","link":"https:\/\/zamosc.pttk.pl\/wordpress\/?page_id=10533","title":{"rendered":"Kurs na uprawnienia organizatora turystyki 2017"},"content":{"rendered":"<p>Program Sesji Krajoznawczej w dniu <strong>9 wrze\u015bnia <\/strong>\u00a0(sobota) 2017 r.<\/p>\n<p><strong>Rzeki i \u017ar\u00f3d\u0142a Roztocza<\/strong><\/p>\n<p>Wyjazd autokaru o godz. 8.30 z parkingu przy Lunecie w Zamo\u015bciu<\/p>\n<p>Trasa:<\/p>\n<p>Zamo\u015b\u0107 &#8211; Krasnobr\u00f3d \u00a0(cudowne \u017ar\u00f3de\u0142ko Krupca) &#8211; \u017ar\u00f3d\u0142a Sopotu w Kol. Husiny &#8211; \u017ar\u00f3d\u0142a Belfond &#8211; zwiedzanie stacji meteo UMCS w Guciowie oraz punktu pomiarowego na Wieprzu- spojrzenie na Wzg\u00f3rze Stoki i meandruj\u0105cy Wieprz &#8211; Obrocz \u017ar\u00f3d\u0142a podzboczowe- Zwierzyniec strumie\u0144 \u015awierszcz &#8211; lody drapane na wodzie roztocza\u0144skiej lub piwo z roztocza\u0144skiego zdroju w Zwierzy\u0144cu \u00a0&#8211; powr\u00f3t do Zamo\u015bcia ok. godz. 18-tej.<\/p>\n<p>Sesja jest cz\u0119\u015bciowo dofinansowana przez Powiat Zamojski.<\/p>\n<p>Koszt uczestnictwa 25 z\u0142. Obowi\u0105zuje kolejno\u015b\u0107 zg\u0142osze\u0144 do dnia 1 wrze\u015bnia br.<\/p>\n<p>Zapraszamy uczestnik\u00f3w kursu organizator\u00f3w turystyki, przodownik\u00f3w i przewodnik\u00f3w<\/p>\n<p>(w miar\u0119 wolnych miejsc turyst\u00f3w zamojskich).<\/p>\n<p>[huge_it_slider id=&#8221;105&#8243;]<\/p>\n<p>&nbsp;<\/p>\n<hr \/>\n<p><strong><span style=\"color: #0000ff;\">Wycieczka szkoleniowa Roztocze Wschodnie (Ukraina) w dniu 5 sierpnia\u00a0<\/span><\/strong><\/p>\n<p>Rawa Ruska \u2013 Potylicz &#8211; \u017ar\u00f3d\u0142o Maruszka &#8211; Magier\u00f3w &#8211; Z\u00f3\u0142kiew &#8211; \u015bw. G\u00f3ra Stradcz &#8211; Iwano Frankowe (Jan\u00f3w Lwowski) &#8211; Jawor\u00f3w &#8211; Niemir\u00f3w. Powr\u00f3t przez \u00a0Budomierz<\/p>\n<p>Koszt wycieczki 65 z\u0142 uczestnicy kursu organizator\u00f3w turystyki i cz\u0142onkowie PTTK &#8211; 65 z\u0142, pozostali w miar\u0119 wolnych miejsc 70 z\u0142.<br \/>\n(koszt autokaru i ubezpieczenia). Pilota\u017c i przewodnictwo wolontariat. Wy\u017cywienie we w\u0142asnym zakresie. Ilo\u015b\u0107 miejsc ograniczona.<\/p>\n<p>Wyjazd z parkingu przy ul. Partyzant\u00f3w w Zamo\u015bcia (d. parking PZU) o godz. 6-tej. Powr\u00f3t w godz. p\u00f3\u017ano wieczorowych.<\/p>\n<p>[huge_it_slider id=&#8221;104&#8243;]<\/p>\n<p>&nbsp;<\/p>\n<hr \/>\n<p>PTTK Oddzia\u0142 w Zamo\u015bciu<\/p>\n<p>REGULAMIN KURSU NA ORGANIZATORA TURYSTYKI \u00a0PTTK<\/p>\n<p>&nbsp;<\/p>\n<p>Celem kursu jest przygotowanie kadry wolontariuszy dla organizacji i prowadzenia imprez turystycznych k\u00f3\u0142 i klub\u00f3w Oddzia\u0142u PTTK w Zamo\u015bciu.<\/p>\n<p>Kurs przygotowuje do z\u0142o\u017cenia egzaminu na Organizatora Turystyki PTTK przed Komisj\u0105 Egzaminacyjn\u0105 Oddzia\u0142u.<\/p>\n<p>Organizatorem kursu jest Klub Turystyczno Krajoznawczy im. Micha\u0142a Pieszki O\/PTTK w Zamo\u015bciu<\/p>\n<p>Kurs jest prowadzony w ramach realizacji cel\u00f3w statutowych Oddzia\u0142u PTTK O\/PTTK w Zamo\u015bciu<\/p>\n<p>Kurs odbywa si\u0119 od 19.04 do 14.10 2017 r.<\/p>\n<p>Spotkanie organizacyjne odb\u0119dzie si\u0119 19 kwietnia o godz. 16.00 w Klubie Batalionowym przy ul Pilsudskiego<\/p>\n<p>Kierownikiem kursu jest Kazimierz Dziok.<\/p>\n<p>Warunki uczestnictwa.<\/p>\n<p>W kursie uczestniczy\u0107 mo\u017ce osoba zainteresowana organizacj\u0105 imprez turystycznych, kt\u00f3ra uko\u0144czy\u0142a 18 rok \u017cycia (w momencie egzaminu).<\/p>\n<p>Uczestnicy Kursu ponosz\u0105 koszty swojego uczestnictwa w wyjazdach kursu (przejazdy, wy\u017cywienie itp. egzaminy bezp\u0142atne).<\/p>\n<p>Uczestnikami Kursu mog\u0105 by\u0107 wy\u0142\u0105cznie cz\u0142onkowie PTTK z aktualnie op\u0142acon\u0105 sk\u0142adk\u0105 cz\u0142onkowsk\u0105.<\/p>\n<p>Zapisanie si\u0119 na Kurs jest r\u00f3wnoznaczne z wyra\u017ceniem zgody na warunki okre\u015blone w Regulaminie Kursu.<\/p>\n<p><span style=\"font-size: 12px;\">Program szkolenia<\/span><\/p>\n<p>Szkolenie w ramach kursu realizowane jest wed\u0142ug wytycznych ZG PTTK zawartych w programie szkolenia og\u00f3lnego.<\/p>\n<p>Szczeg\u00f3\u0142owy program kursu i harmonogram zostan\u0105 przedstawione na spotkaniu organizacyjnym.<\/p>\n<p>Zaliczenie Kursu polega na:<\/p>\n<ul>\n<li>uczestniczeniu w co najmniej 4 imprezach organizowanych przez Oddzia\u0142 PTTK w Zamo\u015bciu (2 imprezy \u2013 pomoc przy organizacji),<\/li>\n<li>uzyskaniu jednej odznaki turystyki kwalifikowanej i krajoznawczej (Mi\u0142o\u015bnik Roztocza, Odznaka Krajoznawcza Zamojszczyzny, OTP)<\/li>\n<li>uzyskaniu pozytywnej opinii Kierownika Kursu.<\/li>\n<\/ul>\n<p>Post\u0119powanie egzaminacyjne przebiega w nast\u0119puj\u0105cy spos\u00f3b:<\/p>\n<ul>\n<li>osoby, kt\u00f3re uko\u0144czy\u0142y kurs, dostarcz\u0105 Kierownikowi Kursu opracowanie zawieraj\u0105ce program wycieczki spe\u0142niaj\u0105cy wszystkie warunki formalne, jest to warunek konieczny do przyst\u0105pienia do cz\u0119\u015bci ustnej egzaminu teoretycznego. Uczestnik Kursu musi przynie\u015b\u0107 na ni\u0105 w\u0142asn\u0105 map\u0119 obszaru, na kt\u00f3ry przygotowa\u0142 plan wycieczki;<\/li>\n<li>osoby, kt\u00f3re spe\u0142ni\u0142y powy\u017csze wymagania formalne przyst\u0119puj\u0105 do egzaminu teoretycznego, kt\u00f3ry sk\u0142ada si\u0119 z:<\/li>\n<\/ul>\n<p>\u2212 cz\u0119\u015bci pisemnej (test), kt\u00f3r\u0105 zalicza si\u0119 uzyskuj\u0105c co najmniej 60% punkt\u00f3w:<\/p>\n<p>\u25aa PTTK jako organizacja,<\/p>\n<p>\u25aa Historia turystyki i krajoznawstwa w Polsce,<\/p>\n<p>\u25aa Historia architektury w Polsce,<\/p>\n<p>\u25aa Etnografia,<\/p>\n<p>\u25aa Budownictwo drewniane,<\/p>\n<p>\u25aa Przyroda Polski i jej ochrona,<\/p>\n<p>\u25aa Geografia turystyczna Polski,<\/p>\n<p>\u25aa Bezpiecze\u0144stwo imprez turystycznych,<\/p>\n<p>\u25aa Terenoznawstwo,<\/p>\n<p>\u25aa Zagadnienia prawne w turystyce.<\/p>\n<p>Powy\u017csze wiadomo\u015bci b\u0119d\u0105 przekazywane w czasie wycieczek szkoleniowych.<br \/>\nZaliczenie kursu oraz zdanie egzaminu teoretycznego i obrona programu wycieczki s\u0105 podstaw\u0105 do przyznania przez Oddzia\u0142 PTTK w Zamo\u015bciu uprawnie\u0144 Organizatora Turystyki PTTK.<\/p>\n<p>Uprawnienia<\/p>\n<p>Uzyskanie uprawnie\u0144 OT PTTK w Oddziale PTTK jest r\u00f3wnoznaczne z odbyciem szkolenia og\u00f3lnego okre\u015blonego w za\u0142\u0105czniku nr 1b do uchwa\u0142y ZG PTTK<\/p>\n<p>&#8222;System kszta\u0142cenia kadr PTTK&#8221; (66\/X\/III\/94 z dnia 10.12.1994 roku).<\/p>\n<p>Szkolenie og\u00f3lne jest podstawowym etapem szkolenia, niezb\u0119dnym dla udzia\u0142u w szkoleniach specjalistycznych dla przodownik\u00f3w turystyki kwalifikowanej i instruktor\u00f3w PTTK.<\/p>\n<p>Uprawnienia organizatora turystyki obowi\u0105zuj\u0105 jedynie w PTTK i nie maj\u0105 zastosowania w dzia\u0142alno\u015bci komercyjnej.<\/p>\n<p>&nbsp;<\/p>\n<p>Postanowienia ko\u0144cowe<\/p>\n<p>Nieprzestrzeganie niniejszego regulaminu lub og\u00f3lnie przyj\u0119tych norm obyczajowych (na przyk\u0142ad nadu\u017cywanie napoj\u00f3w alkoholowych) mo\u017ce by\u0107 podstaw\u0105 do usuni\u0119cia z listy.<\/p>\n<p>Nadz\u00f3r nad przebiegiem kursu sprawuje Zarz\u0105d Oddzia\u0142u PTTK w Zamo\u015bciu.<\/p>\n<p>Od decyzji Kierownika Kursu przys\u0142uguje odwo\u0142anie do Zarz\u0105du Oddzia\u0142u.<\/p>\n<p>Kwestie nieuj\u0119te w niniejszym regulaminie rozstrzygane b\u0119d\u0105 zgodnie z regulaminem Klubu organizuj\u0105cego Kurs, statutem Oddzia\u0142u PTTK w Zamo\u015bciu oraz z og\u00f3lnymi postanowieniami przepis\u00f3w prawa.<\/p>\n<p>Interpretacja niniejszego regulaminu nale\u017cy do Kierownika Kursu.<\/p>\n<p>Regulamin wchodzi w \u017cycie z dniem 19.04.2017 r.<\/p>\n<p><span style=\"font-size: 12px;\">Terminy wycieczek szkoleniowych:<\/span><\/p>\n<p>6 maja 2017 (sobota) \u00a0Wycieczka na Roztocze Wschodnie<\/p>\n<p>24 czerwca 2017 r.(sobota) wycieczka &#8211; Sesja krajoznawcza \u00a0Rzeki i \u017ar\u00f3d\u0142a Roztocza<\/p>\n<p>8 lipca &#8211; wyjazd na Ukrain\u0119 War\u0119\u017c &#8211; Sokal &#8211; Czerwonograd (Krystynopol) &#8211; Be\u0142z<\/p>\n<p>5 sierpnia \u00a0Ukraina Rawa Ruska &#8211; \u017b\u00f3\u0142kiew &#8211; Krech\u00f3w &#8211; Potylicz<\/p>\n<p>23 wrze\u015bnia udzia\u0142 w Rajdzie &#8222;Mi\u0142o\u015bnik\u00f3w Roztocza&#8221; z met\u0105 w Rebizantach<\/p>\n<p>14 pa\u017adziernika Wycieczka po Roztoczu Zachodnim.<\/p>\n<p>Koszty b\u0119d\u0105 zale\u017ca\u0142y od ilo\u015bci uczestnik\u00f3w. Szczeg\u00f3\u0142owe programy b\u0119d\u0105 dost\u0119pne przed wycieczkami.<\/p>\n<p>Zarz\u0105d Oddzia\u0142u PTTK w Zamo\u015bciu<\/p>\n","protected":false},"excerpt":{"rendered":"<p>Program Sesji Krajoznawczej w dniu 9 wrze\u015bnia \u00a0(sobota) 2017 r. Rzeki i \u017ar\u00f3d\u0142a Roztocza Wyjazd autokaru o godz. 8.30 z parkingu przy Lunecie w Zamo\u015bciu Trasa: Zamo\u015b\u0107 &#8211; Krasnobr\u00f3d \u00a0(cudowne \u017ar\u00f3de\u0142ko Krupca) &#8211; \u017ar\u00f3d\u0142a Sopotu w Kol. Husiny &#8211; \u017ar\u00f3d\u0142a &hellip; <a class=\"more-link\" href=\"https:\/\/zamosc.pttk.pl\/wordpress\/?page_id=10533\">Czytaj dalej <span class=\"meta-nav\">&rarr;<\/span><\/a><\/p>\n","protected":false},"author":1,"featured_media":0,"parent":0,"menu_order":0,"comment_status":"closed","ping_status":"closed","template":"","meta":{"footnotes":""},"class_list":["post-10533","page","type-page","status-publish","hentry"],"_links":{"self":[{"href":"https:\/\/zamosc.pttk.pl\/wordpress\/index.php?rest_route=\/wp\/v2\/pages\/10533","targetHints":{"allow":["GET"]}}],"collection":[{"href":"https:\/\/zamosc.pttk.pl\/wordpress\/index.php?rest_route=\/wp\/v2\/pages"}],"about":[{"href":"https:\/\/zamosc.pttk.pl\/wordpress\/index.php?rest_route=\/wp\/v2\/types\/page"}],"author":[{"embeddable":true,"href":"https:\/\/zamosc.pttk.pl\/wordpress\/index.php?rest_route=\/wp\/v2\/users\/1"}],"replies":[{"embeddable":true,"href":"https:\/\/zamosc.pttk.pl\/wordpress\/index.php?rest_route=%2Fwp%2Fv2%2Fcomments&post=10533"}],"version-history":[{"count":21,"href":"https:\/\/zamosc.pttk.pl\/wordpress\/index.php?rest_route=\/wp\/v2\/pages\/10533\/revisions"}],"predecessor-version":[{"id":11136,"href":"https:\/\/zamosc.pttk.pl\/wordpress\/index.php?rest_route=\/wp\/v2\/pages\/10533\/revisions\/11136"}],"wp:attachment":[{"href":"https:\/\/zamosc.pttk.pl\/wordpress\/index.php?rest_route=%2Fwp%2Fv2%2Fmedia&parent=10533"}],"curies":[{"name":"wp","href":"https:\/\/api.w.org\/{rel}","templated":true}]}}