{"id":10515,"date":"2017-04-02T08:26:35","date_gmt":"2017-04-02T06:26:35","guid":{"rendered":"http:\/\/www.zamosc.pttk.pl\/wordpress\/?page_id=10515"},"modified":"2017-04-23T10:22:18","modified_gmt":"2017-04-23T08:22:18","slug":"43-rajd-spotkanie-z-wiosna","status":"publish","type":"page","link":"https:\/\/zamosc.pttk.pl\/wordpress\/?page_id=10515","title":{"rendered":"43 Rajd &#8222;Spotkanie z Wiosn\u0105&#8221;"},"content":{"rendered":"<p>&nbsp;<\/p>\n<p>Trasy Rajdu b\u0119d\u0105 prowadzi\u0142y alej\u0105 d\u0119bowa przy kapliczkach W G\u00f3recku Ko\u015bcielnym. Za Szumem, zwanym niegdy\u015b B\u017adzin\u0105, zobaczymy nik\u0142e \u017ar\u00f3de\u0142ko z s\u0105cz\u0105c\u0105 si\u0119 wod\u0105 o zapachu siarki. Woda ta podobno leczy zazdro\u015b\u0107 nie tylko ma\u0142\u017ce\u0144sk\u0105. Obecnie \u017ar\u00f3de\u0142ko zwane jest Bo\u017c\u0105 \u0141ezk\u0105. P\u00f3\u017aniej wejdziemy na lini\u0119 \u015bw. Stanis\u0142awa prowadz\u0105c\u0105 na zach\u00f3d. Lasy okoliczne administrowane s\u0105 przez Nadle\u015bnictwo Zwierzyniec. P\u00f3\u017aniej skr\u0119cimy na po\u0142udnie. Linia le\u015bna a p\u00f3\u017aniej \u015bcie\u017cka doprowadzi nas do strumienia p\u0142yn\u0105cego w\u015br\u00f3d bagien zwanego Okno. Nie ma tutaj mostka, wi\u0119c musimy przeskoczy\u0107. Wzd\u0142u\u017c strumienia przebiega granica gmin Tereszpol i Aleksandr\u00f3w oraz las\u00f3w pa\u0144stwowych i ch\u0142opskich. Po kilkuset krokach wchodzimy znowu na na widoczn\u0105 drog\u0119 le\u015bn\u0105. Po prawej stronie na zachodzie las si\u0119 przerzedza &#8211; tam jest Wielkie Bagno, za kt\u00f3rym jest Kapliczna G\u00f3ra.\u00a0 Na bagnach jesieni\u0105 mo\u017cna zbiera\u0107 \u017curawin\u0119. Tereny te s\u0105 ostoj\u0105 zwierzyny i ptactwa &#8211; musimy si\u0119 cichutko zachowywa\u0107. Z bagien wyp\u0142ywa Czarna \u0141ada\u0105<br \/>\nPo drodze miniemy pod Kapliczn\u0105 G\u00f3r\u0105 metalowy krzy\u017c i ciekaw\u0105 kapliczk\u0119 na drzewie. Nast\u0119pnie dojdziemy do zrekonstruowanego schronu partyzanckiego, w kt\u00f3rym by\u0142 szpital partyzancki o kryptonimie 665.<br \/>\nNast\u0119pnie le\u015bny dr\u00f3\u017ckami dojdziemy na ogromn\u0105 polan\u0119 D\u0105browa po\u0142o\u017con\u0105 na wschodnim brzegu Szumu.<br \/>\nNiegdy\u015b znajdowa\u0142a si\u0119 tutaj osada m\u0142y\u0144ska oraz tartak. W\u0142a\u015bcicielem m\u0142yna by\u0142 p. Rosochacz. W czasie ostatniej wojny partyzanci zaopatrywali si\u0119 w m\u0105k\u0119. Z histori\u0105 tego miejsca\u00a0 zapoznamy sie czytaj\u0105c opis na tablicy przy amfiteatrze.<\/p>\n<p>W Rajdzie uczestniczy\u0142o 315 os\u00f3b. Wspomnienia wkr\u00f3tce&#8230;<\/p>\n<p>&nbsp;<\/p>\n<p>[huge_it_slider id=&#8221;98&#8243;]<\/p>\n<p>&nbsp;<\/p>\n<p>Widoczki z tras rajdowych<\/p>\n<p>&nbsp;<\/p>\n<p>[huge_it_slider id=&#8221;95&#8243;]<\/p>\n<p style=\"text-align: center;\">W celu powi\u0119kszenia nale\u017cy klikn\u0105\u0107 na podzi\u0119kowanie.<\/p>\n<p><a href=\"http:\/\/www.zamosc.pttk.pl\/wordpress\/wp-content\/uploads\/2017\/04\/woj.jpg\"><img loading=\"lazy\" decoding=\"async\" class=\"size-medium wp-image-10695 aligncenter\" src=\"http:\/\/www.zamosc.pttk.pl\/wordpress\/wp-content\/uploads\/2017\/04\/woj-235x300.jpg\" alt=\"\" width=\"235\" height=\"300\" srcset=\"https:\/\/zamosc.pttk.pl\/wordpress\/wp-content\/uploads\/2017\/04\/woj-235x300.jpg 235w, https:\/\/zamosc.pttk.pl\/wordpress\/wp-content\/uploads\/2017\/04\/woj-157x200.jpg 157w, https:\/\/zamosc.pttk.pl\/wordpress\/wp-content\/uploads\/2017\/04\/woj-768x981.jpg 768w, https:\/\/zamosc.pttk.pl\/wordpress\/wp-content\/uploads\/2017\/04\/woj-801x1024.jpg 801w\" sizes=\"auto, (max-width: 235px) 100vw, 235px\" \/><\/a><a href=\"http:\/\/www.zamosc.pttk.pl\/wordpress\/wp-content\/uploads\/2017\/04\/staz.jpg\"><img loading=\"lazy\" decoding=\"async\" class=\"size-medium wp-image-10696 aligncenter\" src=\"http:\/\/www.zamosc.pttk.pl\/wordpress\/wp-content\/uploads\/2017\/04\/staz-235x300.jpg\" alt=\"\" width=\"235\" height=\"300\" srcset=\"https:\/\/zamosc.pttk.pl\/wordpress\/wp-content\/uploads\/2017\/04\/staz-235x300.jpg 235w, https:\/\/zamosc.pttk.pl\/wordpress\/wp-content\/uploads\/2017\/04\/staz-157x200.jpg 157w, https:\/\/zamosc.pttk.pl\/wordpress\/wp-content\/uploads\/2017\/04\/staz-768x981.jpg 768w, https:\/\/zamosc.pttk.pl\/wordpress\/wp-content\/uploads\/2017\/04\/staz-801x1024.jpg 801w\" sizes=\"auto, (max-width: 235px) 100vw, 235px\" \/><\/a><\/p>\n","protected":false},"excerpt":{"rendered":"<p>&nbsp; Trasy Rajdu b\u0119d\u0105 prowadzi\u0142y alej\u0105 d\u0119bowa przy kapliczkach W G\u00f3recku Ko\u015bcielnym. Za Szumem, zwanym niegdy\u015b B\u017adzin\u0105, zobaczymy nik\u0142e \u017ar\u00f3de\u0142ko z s\u0105cz\u0105c\u0105 si\u0119 wod\u0105 o zapachu siarki. Woda ta podobno leczy zazdro\u015b\u0107 nie tylko ma\u0142\u017ce\u0144sk\u0105. Obecnie \u017ar\u00f3de\u0142ko zwane jest Bo\u017c\u0105 &hellip; <a class=\"more-link\" href=\"https:\/\/zamosc.pttk.pl\/wordpress\/?page_id=10515\">Czytaj dalej <span class=\"meta-nav\">&rarr;<\/span><\/a><\/p>\n","protected":false},"author":1,"featured_media":0,"parent":0,"menu_order":0,"comment_status":"closed","ping_status":"closed","template":"","meta":{"footnotes":""},"class_list":["post-10515","page","type-page","status-publish","hentry"],"_links":{"self":[{"href":"https:\/\/zamosc.pttk.pl\/wordpress\/index.php?rest_route=\/wp\/v2\/pages\/10515","targetHints":{"allow":["GET"]}}],"collection":[{"href":"https:\/\/zamosc.pttk.pl\/wordpress\/index.php?rest_route=\/wp\/v2\/pages"}],"about":[{"href":"https:\/\/zamosc.pttk.pl\/wordpress\/index.php?rest_route=\/wp\/v2\/types\/page"}],"author":[{"embeddable":true,"href":"https:\/\/zamosc.pttk.pl\/wordpress\/index.php?rest_route=\/wp\/v2\/users\/1"}],"replies":[{"embeddable":true,"href":"https:\/\/zamosc.pttk.pl\/wordpress\/index.php?rest_route=%2Fwp%2Fv2%2Fcomments&post=10515"}],"version-history":[{"count":11,"href":"https:\/\/zamosc.pttk.pl\/wordpress\/index.php?rest_route=\/wp\/v2\/pages\/10515\/revisions"}],"predecessor-version":[{"id":10701,"href":"https:\/\/zamosc.pttk.pl\/wordpress\/index.php?rest_route=\/wp\/v2\/pages\/10515\/revisions\/10701"}],"wp:attachment":[{"href":"https:\/\/zamosc.pttk.pl\/wordpress\/index.php?rest_route=%2Fwp%2Fv2%2Fmedia&parent=10515"}],"curies":[{"name":"wp","href":"https:\/\/api.w.org\/{rel}","templated":true}]}}