{"id":10322,"date":"2017-02-11T20:08:39","date_gmt":"2017-02-11T19:08:39","guid":{"rendered":"http:\/\/www.zamosc.pttk.pl\/wordpress\/?page_id=10322"},"modified":"2017-02-12T09:55:48","modified_gmt":"2017-02-12T08:55:48","slug":"43-rajd-zimowy-wzgorzami-roztocza-2","status":"publish","type":"page","link":"https:\/\/zamosc.pttk.pl\/wordpress\/?page_id=10322","title":{"rendered":"43 Rajd Zimowy &#8222;Wzg\u00f3rzami Roztocza&#8221;"},"content":{"rendered":"<p>Na trasach Rajdu w\u0119drowa\u0142o 139 turyst\u00f3w i jedna suczka. Trasa: W\u00f3lka Husi\u0144ska &#8211; \u017ar\u00f3d\u0142a Sopotu &#8211; Wzg. Kamie\u0144 &#8211; Czarny Las &#8211; Stanis\u0142aw\u00f3w. Wkrotce \u00a0wi\u0119cej wspomnie\u0144&#8230;<\/p>\n<p>Autorzy zdj\u0119\u0107: Edward i Kazimierz<\/p>\n<p>&nbsp;<\/p>\n<p>&nbsp;<\/p>\n<p>[huge_it_slider id=&#8221;89&#8243;]<\/p>\n<p>&nbsp;<\/p>\n<p>&nbsp;<\/p>\n<p>&nbsp;<\/p>\n<p>&nbsp;<\/p>\n<p>&nbsp;<\/p>\n<p style=\"text-align: left;\"><a href=\"http:\/\/www.zamosc.pttk.pl\/wordpress\/wp-content\/uploads\/2017\/02\/podziek.jpg\"><img loading=\"lazy\" decoding=\"async\" class=\"alignleft size-medium wp-image-10321\" src=\"http:\/\/www.zamosc.pttk.pl\/wordpress\/wp-content\/uploads\/2017\/02\/podziek-219x300.jpg\" alt=\"\" width=\"219\" height=\"300\" srcset=\"https:\/\/zamosc.pttk.pl\/wordpress\/wp-content\/uploads\/2017\/02\/podziek-219x300.jpg 219w, https:\/\/zamosc.pttk.pl\/wordpress\/wp-content\/uploads\/2017\/02\/podziek-146x200.jpg 146w, https:\/\/zamosc.pttk.pl\/wordpress\/wp-content\/uploads\/2017\/02\/podziek-768x1052.jpg 768w, https:\/\/zamosc.pttk.pl\/wordpress\/wp-content\/uploads\/2017\/02\/podziek-748x1024.jpg 748w\" sizes=\"auto, (max-width: 219px) 100vw, 219px\" \/><\/a><\/p>\n<p>&nbsp;<\/p>\n<p>&nbsp;<\/p>\n","protected":false},"excerpt":{"rendered":"<p>Na trasach Rajdu w\u0119drowa\u0142o 139 turyst\u00f3w i jedna suczka. Trasa: W\u00f3lka Husi\u0144ska &#8211; \u017ar\u00f3d\u0142a Sopotu &#8211; Wzg. Kamie\u0144 &#8211; Czarny Las &#8211; Stanis\u0142aw\u00f3w. Wkrotce \u00a0wi\u0119cej wspomnie\u0144&#8230; Autorzy zdj\u0119\u0107: Edward i Kazimierz &nbsp; &nbsp; [huge_it_slider id=&#8221;89&#8243;] &nbsp; &nbsp; &nbsp; &nbsp; &nbsp; &hellip; <a class=\"more-link\" href=\"https:\/\/zamosc.pttk.pl\/wordpress\/?page_id=10322\">Czytaj dalej <span class=\"meta-nav\">&rarr;<\/span><\/a><\/p>\n","protected":false},"author":1,"featured_media":0,"parent":0,"menu_order":0,"comment_status":"closed","ping_status":"closed","template":"","meta":{"footnotes":""},"class_list":["post-10322","page","type-page","status-publish","hentry"],"_links":{"self":[{"href":"https:\/\/zamosc.pttk.pl\/wordpress\/index.php?rest_route=\/wp\/v2\/pages\/10322","targetHints":{"allow":["GET"]}}],"collection":[{"href":"https:\/\/zamosc.pttk.pl\/wordpress\/index.php?rest_route=\/wp\/v2\/pages"}],"about":[{"href":"https:\/\/zamosc.pttk.pl\/wordpress\/index.php?rest_route=\/wp\/v2\/types\/page"}],"author":[{"embeddable":true,"href":"https:\/\/zamosc.pttk.pl\/wordpress\/index.php?rest_route=\/wp\/v2\/users\/1"}],"replies":[{"embeddable":true,"href":"https:\/\/zamosc.pttk.pl\/wordpress\/index.php?rest_route=%2Fwp%2Fv2%2Fcomments&post=10322"}],"version-history":[{"count":2,"href":"https:\/\/zamosc.pttk.pl\/wordpress\/index.php?rest_route=\/wp\/v2\/pages\/10322\/revisions"}],"predecessor-version":[{"id":10326,"href":"https:\/\/zamosc.pttk.pl\/wordpress\/index.php?rest_route=\/wp\/v2\/pages\/10322\/revisions\/10326"}],"wp:attachment":[{"href":"https:\/\/zamosc.pttk.pl\/wordpress\/index.php?rest_route=%2Fwp%2Fv2%2Fmedia&parent=10322"}],"curies":[{"name":"wp","href":"https:\/\/api.w.org\/{rel}","templated":true}]}}