{"id":10187,"date":"2017-02-03T17:00:59","date_gmt":"2017-02-03T16:00:59","guid":{"rendered":"http:\/\/www.zamosc.pttk.pl\/wordpress\/?page_id=10187"},"modified":"2017-03-04T18:44:34","modified_gmt":"2017-03-04T17:44:34","slug":"xxxv-zjazd-oddzialu-pttk-w-zamosciu","status":"publish","type":"page","link":"https:\/\/zamosc.pttk.pl\/wordpress\/?page_id=10187","title":{"rendered":"XXXV Zjazd Oddzia\u0142u PTTK w Zamo\u015bciu"},"content":{"rendered":"<p>Informacje zjazdowe<\/p>\n<p>XXXV Zjazd Oddzia\u0142u PTTK w Zamo\u015bciu, kt\u00f3ry odb\u0119dzie si\u0119 w dniu<br \/>\n<strong>25 lutego 2017 r. o godz. 10-tej<\/strong><br \/>\n<strong>w<\/strong> <strong>Zamojskim Centrum Informacji Turystycznej i Historycznej<br \/>\nw Zamo\u015bciu\u00a0 \u201eLuneta&#8221; <\/strong><strong>ul. \u0141ukasi\u0144skiego 2 E <\/strong><br \/>\n(planty-zrewitalizowany budynek dawnych koszar\u00a0 kozackich za Bastionem VII dojazd od ul. Peowiak\u00f3w 90B)<\/p>\n<p>Na zebraniach sprawozdawczo-wyborczych Klubu i K\u00f3\u0142 wybrano 37 delegat\u00f3w.<\/p>\n<ol>\n<li>Klub Turystyczno-Krajoznawczy im. Micha\u0142a Pieszki \u00a0 \u00a0 \u00a0 \u00a0 \u00a0 \u00a0 \u00a0 \u00a0 \u00a0 \u00a0 &#8211; \u00a025 delegat\u00f3w<\/li>\n<li>Ko\u0142o Przewodnik\u00f3w Terenowych im. R.J. Zamoyskich \u00a0 \u00a0 \u00a0 \u00a0 \u00a0 \u00a0 \u00a0 \u00a0 \u00a0 &#8211; \u00a0 8 delegat\u00f3w<\/li>\n<li>Ko\u0142o PTTK &#8222;Ziemia Janowska&#8221; \u00a0 \u00a0 \u00a0 \u00a0 \u00a0 \u00a0 \u00a0 \u00a0 \u00a0 \u00a0 \u00a0 \u00a0 \u00a0 \u00a0 \u00a0 \u00a0 \u00a0 \u00a0 \u00a0 \u00a0 \u00a0 \u00a0 \u00a0 \u00a0 \u00a0 &#8211; \u00a0 1 delegat<\/li>\n<li>Ko\u0142o PTTK &#8222;Iskra&#8221; \u00a0 \u00a0 \u00a0 \u00a0 \u00a0 \u00a0 \u00a0 \u00a0 \u00a0 \u00a0 \u00a0 \u00a0 \u00a0 \u00a0 \u00a0 \u00a0 \u00a0 \u00a0 \u00a0 \u00a0 \u00a0 \u00a0 \u00a0 \u00a0 \u00a0 \u00a0 \u00a0 \u00a0 \u00a0 \u00a0 \u00a0 \u00a0 \u00a0 \u00a0&#8211; \u00a03 delegat\u00f3w<\/li>\n<\/ol>\n<hr \/>\n<p><span style=\"font-size: 15px;\"><a href=\"http:\/\/www.zamosc.pttk.pl\/wordpress\/wp-content\/uploads\/2017\/02\/zaprdeleg.pdf\">Zaproszenie dla delegat\u00f3w<\/a><\/span><\/p>\n<p><span style=\"font-size: 15px;\"><a href=\"http:\/\/www.zamosc.pttk.pl\/wordpress\/wp-content\/uploads\/2017\/02\/porzadek-obrad.pdf\">Porz\u0105dek obrad Zjazdu (projekt)<\/a><\/span><\/p>\n<p><span style=\"font-size: 15px;\"><a href=\"http:\/\/www.zamosc.pttk.pl\/wordpress\/wp-content\/uploads\/2017\/02\/Regulamin-obradpopr.pdf\">Regulamin obrad (projekt)<\/a><\/span><\/p>\n<p><span style=\"font-size: 15px;\"><a href=\"http:\/\/www.zamosc.pttk.pl\/wordpress\/wp-content\/uploads\/2017\/03\/sprawozdanie-na-zjazd.pdf\">Sprawozdanie na XXXV Zjazd &gt;&gt;&gt; (pdf)<\/a>\u00a0\u00a0<\/span><\/p>\n<hr \/>\n<p><span style=\"font-size: 14px;\">W\u0142adze Oddzia\u0142u PTTK w Zamo\u015bciu wybrane na XXXV Zje\u017adzie<\/span><\/p>\n<p><span style=\"font-size: 14px;\">w dniu 25.02.2017 r.<\/span><\/p>\n<p><strong>Zarz\u0105d Oddzia\u0142u<\/strong><\/p>\n<ol>\n<li>Edward S\u0142oniewski &#8211; prezes<\/li>\n<li>Andrzej Bober &#8211; wiceprezes<\/li>\n<li>Agnieszka Biernacka &#8211; wiceprezes<\/li>\n<li>Renata Linek &#8211; skarbnik<\/li>\n<li>Alina Harkot &#8211; sekretarz<\/li>\n<li>Jaros\u0142aw Lalik &#8211; cz\u0142onek<\/li>\n<li>Pawe\u0142 Koman &#8211; cz\u0142onek<\/li>\n<\/ol>\n<p>&nbsp;<\/p>\n<p><strong>Komisja Rewizyjna<\/strong><\/p>\n<ol>\n<li>Kazimierz Wysocki &#8211; prezes<\/li>\n<li>Wies\u0142awa Zborowska-Po\u017adzik &#8211; wiceprezes<\/li>\n<li>Zofia Kapecka &#8211; sekretarz<\/li>\n<li>Bogumi\u0142a Zdzioch &#8211; cz\u0142onek<\/li>\n<li>Tadeusz Bieganowski &#8211; cz\u0142onek<\/li>\n<\/ol>\n<p>&nbsp;<\/p>\n<p><strong>Oddzia\u0142owy S\u0105d Kole\u017ce\u0144ski<\/strong><\/p>\n<ol>\n<li>Bo\u017cena Kamaszyn-Gonciarz &#8211; prezes<\/li>\n<li>Bo\u017cena Smutniak &#8211; wiceprezes<\/li>\n<li>Krzysztof Malec &#8211; sekretarz<\/li>\n<li>Maria Rze\u017aniak &#8211; cz\u0142onek<\/li>\n<li>Zbigniew Cholewa &#8211; cz\u0142onek<\/li>\n<\/ol>\n<p>&nbsp;<\/p>\n<p>[huge_it_slider id=&#8221;91&#8243;]<\/p>\n","protected":false},"excerpt":{"rendered":"<p>Informacje zjazdowe XXXV Zjazd Oddzia\u0142u PTTK w Zamo\u015bciu, kt\u00f3ry odb\u0119dzie si\u0119 w dniu 25 lutego 2017 r. o godz. 10-tej w Zamojskim Centrum Informacji Turystycznej i Historycznej w Zamo\u015bciu\u00a0 \u201eLuneta&#8221; ul. \u0141ukasi\u0144skiego 2 E (planty-zrewitalizowany budynek dawnych koszar\u00a0 kozackich za &hellip; <a class=\"more-link\" href=\"https:\/\/zamosc.pttk.pl\/wordpress\/?page_id=10187\">Czytaj dalej <span class=\"meta-nav\">&rarr;<\/span><\/a><\/p>\n","protected":false},"author":1,"featured_media":0,"parent":0,"menu_order":0,"comment_status":"closed","ping_status":"closed","template":"","meta":{"footnotes":""},"class_list":["post-10187","page","type-page","status-publish","hentry"],"_links":{"self":[{"href":"https:\/\/zamosc.pttk.pl\/wordpress\/index.php?rest_route=\/wp\/v2\/pages\/10187","targetHints":{"allow":["GET"]}}],"collection":[{"href":"https:\/\/zamosc.pttk.pl\/wordpress\/index.php?rest_route=\/wp\/v2\/pages"}],"about":[{"href":"https:\/\/zamosc.pttk.pl\/wordpress\/index.php?rest_route=\/wp\/v2\/types\/page"}],"author":[{"embeddable":true,"href":"https:\/\/zamosc.pttk.pl\/wordpress\/index.php?rest_route=\/wp\/v2\/users\/1"}],"replies":[{"embeddable":true,"href":"https:\/\/zamosc.pttk.pl\/wordpress\/index.php?rest_route=%2Fwp%2Fv2%2Fcomments&post=10187"}],"version-history":[{"count":20,"href":"https:\/\/zamosc.pttk.pl\/wordpress\/index.php?rest_route=\/wp\/v2\/pages\/10187\/revisions"}],"predecessor-version":[{"id":10364,"href":"https:\/\/zamosc.pttk.pl\/wordpress\/index.php?rest_route=\/wp\/v2\/pages\/10187\/revisions\/10364"}],"wp:attachment":[{"href":"https:\/\/zamosc.pttk.pl\/wordpress\/index.php?rest_route=%2Fwp%2Fv2%2Fmedia&parent=10187"}],"curies":[{"name":"wp","href":"https:\/\/api.w.org\/{rel}","templated":true}]}}