{"id":10117,"date":"2017-01-19T04:55:31","date_gmt":"2017-01-19T03:55:31","guid":{"rendered":"http:\/\/www.zamosc.pttk.pl\/wordpress\/?page_id=10117"},"modified":"2017-02-05T09:17:48","modified_gmt":"2017-02-05T08:17:48","slug":"wycieczki-rocznicowe-w-2017-r","status":"publish","type":"page","link":"https:\/\/zamosc.pttk.pl\/wordpress\/?page_id=10117","title":{"rendered":"Wycieczki rocznicowe w 2017 r."},"content":{"rendered":"<p><span style=\"font-size: 16px;\">SPOTKANIA ROCZNICOWE<\/span><\/p>\n<p>Trasa: Lasowce &#8211; wzg. Dach &#8211; wzg. Bu\u017cniaki &#8211; Lasowce &#8211; 8 km<\/p>\n<p>[huge_it_slider id=&#8221;88&#8243;]<\/p>\n<p>Klub Turystyczno-Krajoznawczy im. Micha\u0142a Pieszki przy O\/PPTK w Zamo\u015bciu<\/p>\n<p>zaprosi\u0142<\/p>\n<p>w\u00a0 dniu 04 lutego 2017 r (sobota) o godz. 9.30 na spotkanie w Lasowcach\u00a0 (ko\u0142o pomnika)<\/p>\n<p>w <span style=\"font-size: 15px;\">74 ROCZNIC\u0118 BITWY Oddz. AK \u201ePodlaskiego\u201d<\/span> podczas powstania zamojskiego<\/p>\n<p>Program:<\/p>\n<p>\u2013 kilka s\u0142\u00f3w o historii wydarze\u0144 w lutym 1943 r. na pocz\u0105tku powstania zamojskiego<\/p>\n<p>\u2013 spacer\u00a0 drogami, kt\u00f3rymi wycofywali si\u0119 partyzanci w kierunku gaj. K\u0105tek, wzg. Dach<\/p>\n<p>na trasie b\u0119d\u0105 niezwykle malownicze o tej porze roku debry (czas w\u0119dr\u00f3wki ok. 3 godz.)<\/p>\n<p>&#8211; zapalenie zniczy przy pomniku<\/p>\n<p>&#8211; udzia\u0142 w ognisku<\/p>\n<p>&#8211; po\u017cegnanie i powr\u00f3t do dom\u00f3w<\/p>\n<p>Jednocze\u015bnie informujemy, \u017ce w tym czasie od godz. 10.30 b\u0119d\u0105 odbywa\u0142y si\u0119 przy pomniku \u00a0uroczysto\u015bci \u00a0organizowane przez Miasto i Gmin\u0119 Krasnobr\u00f3d i b\u0119dzie mo\u017cliwo\u015b\u0107 uczestniczenia.<\/p>\n<p><a href=\"http:\/\/www.krasnobrod.pl\/news\/1146\/uroczystosci-religijno-patriotyczne-w-lasowcach.html\">Wi\u0119cej informacji tutaj&gt;&gt;&gt;<\/a><\/p>\n<p>Ka\u017cdy we w\u0142asnym zakresie zabezpiecza wszystko co mo\u017ce mu by\u0107 potrzebne na trasie (ubezpieczenie\u00a0 i wy\u017cywienie \u2013 co kto lubi).<\/p>\n<p>Impreza odbywa si\u0119 bez op\u0142at i na odpowiedzialno\u015b\u0107 uczestnik\u00f3w, bez wcze\u015bniejszych zapis\u00f3w<\/p>\n<p>Dojazd we w\u0142asnym\u00a0 zakresie.<\/p>\n<p>Trasy dojazdu:<\/p>\n<p>&#8211; od Zamo\u015bcia skr\u0119camy z drogi woj. na ko\u0144cu Malewszczyzny w prawo, przeje\u017cd\u017cam przez Hucisko,\u00a0 Star\u0105 Hut\u0119, w lesie skr\u0119camy w prawo do Lasowiec<\/p>\n<p>-od strony Zwierzy\u0144ca: mijamy le\u015bnicz\u00f3wk\u0119 Kruglik i za pierwszym zakr\u0119tem skr\u0119camy w lewo na drog\u0119 kamienn\u0105, kt\u00f3ra doprowadzi nas do Lasowiec (obecnie jest to cz\u0119\u015b\u0107 so\u0142ectwa Stara Huta gm. Krasnobr\u00f3d).<br \/>\nZapraszamy wszystkich przewodnik\u00f3w, turyst\u00f3w i mi\u0142o\u015bnik\u00f3w Roztocza.<\/p>\n<p><span style=\"font-size: 15px;\">Lasowce<\/span> (starsi mieszka\u0144cy u\u017cywaj\u0105 nazwy Lasowe) niegdy\u015b sk\u0142ada\u0142y si\u0119 z dw\u00f3ch cz\u0119\u015bci. Pa\u0144ska nale\u017ca\u0142a do Ordynacji Zamojskiej, a szlachecka do adamowskich d\u00f3br \u0141osi\u00f3w.\u00a0 W obu cz\u0119\u015bciach mieszkali lasowi, pracuj\u0105cy w lasach i pilnuj\u0105cy ich granic. Jeszcze w XVIII w. znajdowa\u0142 osi\u0119 tutaj \u017ar\u00f3d\u0142o zasilaj\u0105ce strumie\u0144 \u015awierszcz &#8211; dop\u0142yw Wieprza. Obecnie wioska nale\u017cy do gm. Krasnobr\u00f3d.<br \/>\nZnajduje si\u0119 tutaj pomnik ku czci partyzant\u00f3w z oddzia\u0142u AK \u201ePodlaskiego\u201d (Piotr Z\u0142omaniec) i mieszka\u0144c\u00f3w wsi poleg\u0142ych 4 lutego 1943 r. Ich cia\u0142a pochowano w dw\u00f3ch mogi\u0142ach, a po wojnie przeniesiono na cmentarz wojenny Rotunda w Zamo\u015bciu. Pomnik wykona\u0142 Adam Grochowicz z Siedlisk k. J\u00f3zefowa.<br \/>\nW ostatnich latach pomnik przeniesiono kilkadziesi\u0105t metr\u00f3w ze wzgl\u0119du na budow\u0119 drogi Na pocz\u0105tku powstania zamojskiego dow\u00f3dztwo dywersji wyda\u0142o rozkaz koncentracji oddzia\u0142\u00f3w w Puszczy Solskiej w pierwszych dniach lutego 1943 r. Pochodz\u0105cy z gm. Skierbiesz\u00f3w oddzia\u0142 AK \u201ePodlaskiego\u201d dotar\u0142 do zagubionej w\u015br\u00f3d las\u00f3w Roztocza wioski Lasowce wieczorem 29 stycznia. St\u0105d dokonano akcji na folwark w Obroczy w celu zaopatrzenia si\u0119 w \u017cywno\u015b\u0107. Przeprowadzano szkolenia. Hitlerowcy dowiedzieli si\u0119 o miejscu kwaterowania partyzant\u00f3w. W dniu 3 lutego przyby\u0142 do oddzia\u0142u mjr \u201eAdam\u201d (Stanis\u0142aw Prus), dow\u00f3dca 9 pp AK; dokonano awans\u00f3w. Wracaj\u0105c do Zwierzy\u0144ca mjr \u201eAdam\u201d zauwa\u017cy\u0142 niemieck\u0105 tyralier\u0119 id\u0105c\u0105 w kierunku Lasowiec. Wys\u0142a\u0142 \u0142\u0105cznika z rozkazem natychmiastowego opuszczenia wioski. Niestety na skuteczn\u0105 obron\u0119 by\u0142o ju\u017c za p\u00f3\u017ano. Oko\u0142o godz. 14. nast\u0105pi\u0142 silny atak Niemc\u00f3w. Amunicja partyzant\u00f3w pochodzi\u0142a z 1939 r.; w wi\u0119kszo\u015bci by\u0142y to ju\u017c niewypa\u0142y. Ogie\u0144 Polak\u00f3w tylko na chwil\u0119 zatrzyma\u0142 tyralier\u0119 nieprzyjaci\u00f3\u0142. Cz\u0119\u015b\u0107 oddzia\u0142u \u201ePodlaskiego\u201d wycofa\u0142a si\u0119 w kierunku p\u0142n. &#8211; wsch. przez K\u0105tek do Bondyrza. Tam miejscowi partyzanci zatrzymali Niemc\u00f3w ogniem. Odg\u0142osy walki dotar\u0142y do J\u00f3zefowa, sk\u0105d wyruszyli na pomoc partyzanci AK z oddzia\u0142u \u201eWira\u201d (Konrad Bartoszewski).\u00a0 Niestety odsiecz przysz\u0142a p\u00f3\u017ano. W Lasowcach nie by\u0142o ju\u017c Niemc\u00f3w, pozosta\u0142y tylko cia\u0142a 29 poleg\u0142ych partyzant\u00f3w i mieszka\u0144c\u00f3w. Tragiczna bitwa pod Lasowcami na d\u0142ugo zapad\u0142a w pami\u0119ci mieszka\u0144c\u00f3w Zamojszczyzny. Pierwsza du\u017ca pora\u017cka powstania zamojskiego wynik\u0142a z nieprzestrzegania zasad partyzantki. Zbyt d\u0142ugo oddzia\u0142 przebywa\u0142 w jednym miejscu.<\/p>\n<p>P\u00f3\u017aniej \u015bpiewano partyzanck\u0105 piosenk\u0119, \u017ce pod Lasow\u0105 \u201ePodlaski\u201d pogubi\u0142 obcaski&#8230;<\/p>\n<p>&nbsp;<\/p>\n<hr \/>\n<p>Klub Turystyczno-Krajoznawczy im. Micha\u0142a Pieszki przy O\/PPTK w Zamo\u015bciu<\/p>\n<p>zaprasza<\/p>\n<p>28.01.2017 r. (sobota) godz. 9.30<\/p>\n<p>na spotkanie w\u00a0 Krasnobrodzie \u00a0na parkingu przy \u00a0\u00a0ul. Ko\u015bciuszki 73\u00a0 na przeciwko Hotelu Elbest<\/p>\n<p>\u201e154 ROCZNICA POWSTANIA STYCZNIOWEGO\u201d<\/p>\n<p>Program:<\/p>\n<p>&#8211; powitanie<\/p>\n<p>&#8211; spacer \u015bcie\u017ck\u0105 czerwon\u0105 \u201eKrasnobrodzkie w\u0105wozy\u201d do kaplicy \u015bw. Rocha (kilka s\u0142\u00f3w o bitwie), przej\u015bcie S\u0142oneczn\u0105 Dolin\u0105 do parkingu przejazd do pomnika na grobie powsta\u0144c\u00f3w styczniowych, zapalenie zniczy (na \u017cyczenie zainteresowanych ognisko na trasie w\u0119dr\u00f3wki)<\/p>\n<p>Dojazd we w\u0142asnym zakresie.<\/p>\n<p>Ka\u017cdy we w\u0142asnym zakresie zabezpiecza wszystko, co mo\u017ce mu by\u0107 potrzebne.<\/p>\n<p>Impreza odbywa si\u0119 bez op\u0142at i na odpowiedzialno\u015b\u0107 uczestnik\u00f3w.<\/p>\n<p>Zapraszamy wszystkich przewodnik\u00f3w, turyst\u00f3w i mi\u0142o\u015bnik\u00f3w Roztocza.<\/p>\n<p>Wspomnienia z wycieczki fot. Kazimierz Dziok<\/p>\n<p>[huge_it_slider id=&#8221;87&#8243;]<\/p>\n<hr \/>\n<p><span style=\"font-size: 15px;\">Wycieczka do Wojdy<\/span><\/p>\n<p>Klub Turystyczno-Krajoznawczy im. Micha\u0142a Pieszki przy O\/PTTK w Zamo\u015bciu<\/p>\n<p>serdecznie zaprasza na wycieczk\u0119 piesz\u0105 z cyklu:<\/p>\n<p><strong>Spotkania rocznicowe<\/strong><\/p>\n<p>Odwiedzamy miejsca pami\u0119ci narodowej w rocznice wydarze\u0144.<\/p>\n<p><strong>14 stycznia 2017 (sobota)<\/strong> b\u0119dziemy w\u0119drowa\u0107 do Wojdy (w wi\u0119kszo\u015bci szlakiem partyzanckim &#8211; czerwonym) &#8211; miejsca I bitwy powstania zamojskiego, kt\u00f3r\u0105 stoczy\u0142y oddzia\u0142y BCH w obronie wysiedlanej ludno\u015bci Zamojszczyzny.<\/p>\n<p>Zapraszamy turyst\u00f3w i wszelkiego rodzaju w\u0142\u00f3czykij\u00f3w roztocza\u0144skich, du\u017cych i ma\u0142ych pod opiek\u0105 doros\u0142ych. Prosz\u0119 si\u0119 nie pyta\u0107 tylko przyje\u017cd\u017ca\u0107 do Kosobud i by\u0107 odpowiednio ubranym do pogody, w wygodnych zimowych butach <u>(nie na szpilkach).<\/u><\/p>\n<p>Program wycieczki:<\/p>\n<p>&#8211; o godz. 9.30 spotykamy si\u0119 ko\u015bciele w Kosobudach, na parkingu pozostawiamy swoje pojazdy.<\/p>\n<p>&#8211; w\u0119drujemy do Wojdy Obrockiej, dalej do Wojdy i w okolic\u0119, podziwiaj\u0105c zimowe krajobrazy Roztocza \u015arodkowego<\/p>\n<p>&#8211; opowie\u015bci o tamtych wydarzeniach, zapalenie zniczy i chwila zadumy,<\/p>\n<p>&#8211; ognisko i spo\u017cywanie tego, co kto z sob\u0105 przyni\u00f3s\u0142,<\/p>\n<p>&#8211; powr\u00f3t do samochod\u00f3w ok. godz. 13.30,<\/p>\n<p>&#8211; po\u017cegnanie uczestnik\u00f3w wycieczki.<\/p>\n<p>[huge_it_slider id=&#8221;86&#8243;]<\/p>\n<p>&nbsp;<\/p>\n<p>&nbsp;<\/p>\n<p>&nbsp;<\/p>\n<p><a href=\"https:\/\/www.facebook.com\/profile.php?id=100002498960874\">Tutaj &gt;&gt;&gt;mo\u017cna obejrze\u0107 filmiki<\/a><\/p>\n<p>Informacje:<\/p>\n<p>D\u0142ugo\u015b\u0107 trasy ok.10,2 km, \u015brednia pr\u0119dko\u015b\u0107 w\u0119dr\u00f3wki 3,3 km\/godz.<\/p>\n<p>Ubezpieczenie i dojazd we w\u0142asnym zakresie. Op\u0142at \u017cadnych nie zbieramy.<\/p>\n<p>Warto zabra\u0107 co\u015b do jedzenia oraz kaw\u0119 lub herbat\u0119.<\/p>\n<p>O szczeg\u00f3\u0142ach i zasadach poinformuj\u0105 uczestnik\u00f3w prowadz\u0105cy przewodnicy na starcie.<\/p>\n<p><a href=\"http:\/\/www.zamosc.pttk.pl\/wordpress\/wp-content\/uploads\/2017\/01\/wojda2017.png\" rel=\"attachment wp-att-10050\"><img loading=\"lazy\" decoding=\"async\" class=\"alignleft size-medium wp-image-10050\" src=\"http:\/\/www.zamosc.pttk.pl\/wordpress\/wp-content\/uploads\/2017\/01\/wojda2017-300x116.png\" alt=\"wojda2017\" width=\"300\" height=\"116\" srcset=\"https:\/\/zamosc.pttk.pl\/wordpress\/wp-content\/uploads\/2017\/01\/wojda2017-300x116.png 300w, https:\/\/zamosc.pttk.pl\/wordpress\/wp-content\/uploads\/2017\/01\/wojda2017-200x78.png 200w, https:\/\/zamosc.pttk.pl\/wordpress\/wp-content\/uploads\/2017\/01\/wojda2017-768x298.png 768w, https:\/\/zamosc.pttk.pl\/wordpress\/wp-content\/uploads\/2017\/01\/wojda2017-500x194.png 500w, https:\/\/zamosc.pttk.pl\/wordpress\/wp-content\/uploads\/2017\/01\/wojda2017.png 800w\" sizes=\"auto, (max-width: 300px) 100vw, 300px\" \/><\/a><\/p>\n","protected":false},"excerpt":{"rendered":"<p>SPOTKANIA ROCZNICOWE Trasa: Lasowce &#8211; wzg. Dach &#8211; wzg. Bu\u017cniaki &#8211; Lasowce &#8211; 8 km [huge_it_slider id=&#8221;88&#8243;] Klub Turystyczno-Krajoznawczy im. Micha\u0142a Pieszki przy O\/PPTK w Zamo\u015bciu zaprosi\u0142 w\u00a0 dniu 04 lutego 2017 r (sobota) o godz. 9.30 na spotkanie w &hellip; <a class=\"more-link\" href=\"https:\/\/zamosc.pttk.pl\/wordpress\/?page_id=10117\">Czytaj dalej <span class=\"meta-nav\">&rarr;<\/span><\/a><\/p>\n","protected":false},"author":1,"featured_media":0,"parent":0,"menu_order":0,"comment_status":"closed","ping_status":"closed","template":"","meta":{"footnotes":""},"class_list":["post-10117","page","type-page","status-publish","hentry"],"_links":{"self":[{"href":"https:\/\/zamosc.pttk.pl\/wordpress\/index.php?rest_route=\/wp\/v2\/pages\/10117","targetHints":{"allow":["GET"]}}],"collection":[{"href":"https:\/\/zamosc.pttk.pl\/wordpress\/index.php?rest_route=\/wp\/v2\/pages"}],"about":[{"href":"https:\/\/zamosc.pttk.pl\/wordpress\/index.php?rest_route=\/wp\/v2\/types\/page"}],"author":[{"embeddable":true,"href":"https:\/\/zamosc.pttk.pl\/wordpress\/index.php?rest_route=\/wp\/v2\/users\/1"}],"replies":[{"embeddable":true,"href":"https:\/\/zamosc.pttk.pl\/wordpress\/index.php?rest_route=%2Fwp%2Fv2%2Fcomments&post=10117"}],"version-history":[{"count":14,"href":"https:\/\/zamosc.pttk.pl\/wordpress\/index.php?rest_route=\/wp\/v2\/pages\/10117\/revisions"}],"predecessor-version":[{"id":10240,"href":"https:\/\/zamosc.pttk.pl\/wordpress\/index.php?rest_route=\/wp\/v2\/pages\/10117\/revisions\/10240"}],"wp:attachment":[{"href":"https:\/\/zamosc.pttk.pl\/wordpress\/index.php?rest_route=%2Fwp%2Fv2%2Fmedia&parent=10117"}],"curies":[{"name":"wp","href":"https:\/\/api.w.org\/{rel}","templated":true}]}}